{"id":1011,"date":"2017-08-06T22:02:10","date_gmt":"2017-08-06T20:02:10","guid":{"rendered":"http:\/\/vms-amps.de.dd26708.kasserver.com\/?page_id=1011"},"modified":"2022-11-21T11:46:53","modified_gmt":"2022-11-21T10:46:53","slug":"1-x-15","status":"publish","type":"page","link":"https:\/\/rennsau-amps.de\/gb\/1-x-15\/","title":{"rendered":"1 x 15&#8243;"},"content":{"rendered":"<h1><span style=\"font-size: 36pt;\"><strong>BSP 115<\/strong><\/span><img class=\"wp-image-660 alignnone\"><\/h1>\n\n\n\t<div class='ngg-imagebrowser default-view'\n         id='ngg-imagebrowser-bae7d7939e0ff0af858213ed588c3daf-1011'\n         data-nextgen-gallery-id=\"bae7d7939e0ff0af858213ed588c3daf\">\n\n        <h3>BSP115_ISO_klein<\/h3>\n\n\t\t<div id=\"ngg-image-0\" class=\"pic\" >\n        \n        <a href='https:\/\/rennsau-amps.de\/wp-content\/gallery\/bsp115\/BSP115_ISO_klein.jpg'\n           title=' '\n           data-src=\"https:\/\/rennsau-amps.de\/wp-content\/gallery\/bsp115\/BSP115_ISO_klein.jpg\"\n           data-thumbnail=\"https:\/\/rennsau-amps.de\/wp-content\/gallery\/bsp115\/thumbs\/thumbs_BSP115_ISO_klein.jpg\"\n           data-image-id=\"110\"\n           data-title=\"BSP115_ISO_klein\"\n           data-description=\" \"\n           class=\"shutterset_bae7d7939e0ff0af858213ed588c3daf\">\n            <img title='BSP115_ISO_klein'\n                 alt='BSP115_ISO_klein'\n                 src='https:\/\/rennsau-amps.de\/wp-content\/gallery\/bsp115\/BSP115_ISO_klein.jpg'\/>\n        <\/a>\n\t    \n        <\/div> \n\n        <div class='ngg-imagebrowser-nav'>\n\n            <div class='back'>\n                <a class='ngg-browser-prev'\n                   id='ngg-prev-113'\n                   href='https:\/\/rennsau-amps.de\/gb\/1-x-15\/nggallery\/image\/bsp115_hinten_klein\/'>\n                    <i class=\"fa fa-chevron-left\" aria-hidden=\"true\"><\/i>\n                <\/a>\n            <\/div>\n\n            <div class='next'>\n                <a class='ngg-browser-next'\n                   id='ngg-next-111'\n                   href='https:\/\/rennsau-amps.de\/gb\/1-x-15\/nggallery\/image\/bsp115_vorn_klein\/'>\n                    <i class=\"fa fa-chevron-right\" aria-hidden=\"true\"><\/i>\n                <\/a>\n            <\/div>\n\n            <div class='counter'>\n                Image                1                of                4            <\/div>\n\n            <div class='ngg-imagebrowser-desc'>\n                <p> <\/p>\n            <\/div>\n\n        <\/div>\n    <\/div>\n\n\n<ul style=\"list-style-type: square;\">\n<li>\n<h1><span style=\"font-size: 14pt;\">Best\u00fcckt mit hochwertigen Chassis der Firma Beyma<\/span><\/h1>\n<\/li>\n<li>\n<h1><span style=\"font-size: 14pt;\">15&#8243; Chassis mit 400 Watt an 8 Ohm<\/span><\/h1>\n<\/li>\n<li>\n<h1><span style=\"font-size: 14pt;\">Hocht\u00f6ner mit 15 Watt an 8 Ohm (Option)<\/span><\/h1>\n<\/li>\n<li>\n<h1><span style=\"font-size: 14pt;\">Beide Chassis f\u00fcr h\u00f6chste Flexibilit\u00e4t auf jeweils eine Klinkenbuchse verkabelt oder absolut verwechslungssicher auf Speakon <\/span><\/h1>\n<\/li>\n<li>\n<h1><span style=\"font-size: 14pt;\">Bassreflexgeh\u00e4use mit m\u00e4chtiger Optik<\/span><\/h1>\n<\/li>\n<li>\n<h1><span style=\"font-size: 14pt;\">Farbgebung frei w\u00e4hlbar, somit stets ein Unikat<\/span><\/h1>\n<\/li>\n<li>\n<h1><span style=\"font-size: 14pt;\">Gewicht: 52 Kg<\/span><\/h1>\n<\/li>\n<li>\n<h1><span style=\"font-size: 14pt;\">Ma\u00dfe: 555 x 546 x 305 mm<\/span><\/h1>\n<\/li>\n<\/ul>\n<h1>&nbsp;<\/h1>\n","protected":false},"excerpt":{"rendered":"<p>BSP 115 Best\u00fcckt mit hochwertigen Chassis der Firma Beyma 15&#8243; Chassis mit 400 Watt an 8 Ohm Hocht\u00f6ner mit 15 Watt an 8 Ohm (Option) Beide Chassis f\u00fcr h\u00f6chste Flexibilit\u00e4t auf jeweils eine Klinkenbuchse verkabelt oder absolut verwechslungssicher auf Speakon<\/p>\n","protected":false},"author":1,"featured_media":0,"parent":0,"menu_order":0,"comment_status":"closed","ping_status":"closed","template":"","meta":{"_mi_skip_tracking":false,"ngg_post_thumbnail":0},"yst_prominent_words":[],"translation":{"provider":"WPGlobus","version":"2.10.10","language":"gb","enabled_languages":["de","gb"],"languages":{"de":{"title":true,"content":true,"excerpt":false},"gb":{"title":false,"content":false,"excerpt":false}}},"_links":{"self":[{"href":"https:\/\/rennsau-amps.de\/gb\/wp-json\/wp\/v2\/pages\/1011"}],"collection":[{"href":"https:\/\/rennsau-amps.de\/gb\/wp-json\/wp\/v2\/pages"}],"about":[{"href":"https:\/\/rennsau-amps.de\/gb\/wp-json\/wp\/v2\/types\/page"}],"author":[{"embeddable":true,"href":"https:\/\/rennsau-amps.de\/gb\/wp-json\/wp\/v2\/users\/1"}],"replies":[{"embeddable":true,"href":"https:\/\/rennsau-amps.de\/gb\/wp-json\/wp\/v2\/comments?post=1011"}],"version-history":[{"count":19,"href":"https:\/\/rennsau-amps.de\/gb\/wp-json\/wp\/v2\/pages\/1011\/revisions"}],"predecessor-version":[{"id":4483,"href":"https:\/\/rennsau-amps.de\/gb\/wp-json\/wp\/v2\/pages\/1011\/revisions\/4483"}],"wp:attachment":[{"href":"https:\/\/rennsau-amps.de\/gb\/wp-json\/wp\/v2\/media?parent=1011"}],"wp:term":[{"taxonomy":"yst_prominent_words","embeddable":true,"href":"https:\/\/rennsau-amps.de\/gb\/wp-json\/wp\/v2\/yst_prominent_words?post=1011"}],"curies":[{"name":"wp","href":"https:\/\/api.w.org\/{rel}","templated":true}]}}