{"id":17,"date":"2017-02-02T18:56:05","date_gmt":"2017-02-02T17:56:05","guid":{"rendered":"http:\/\/vms-amps.de.dd26708.kasserver.com\/?page_id=17"},"modified":"2025-04-28T13:49:05","modified_gmt":"2025-04-28T11:49:05","slug":"verstaerker","status":"publish","type":"page","link":"https:\/\/rennsau-amps.de\/gb\/verstaerker\/","title":{"rendered":"Topteile"},"content":{"rendered":"<p>&nbsp;<\/p>\n<p>&nbsp;<\/p>\n<p><span style=\"font-size: 14pt;\"><span style=\"font-size: 30pt;\"><strong><span style=\"color: #8c8c8c;\"><a style=\"color: #8c8c8c;\" href=\"https:\/\/rennsau-amps.de\/rengla-15\/\">Rengla-15<\/a><\/span><a href=\"https:\/\/rennsau-amps.de\/rengla-15\"><img decoding=\"async\" loading=\"lazy\" class=\"alignright wp-image-4928\" src=\"https:\/\/rennsau-amps.de\/wp-content\/uploads\/2023\/08\/RENNSAU_RA-15_fb-1-300x169.jpg\" alt=\"\" width=\"300\" height=\"169\" srcset=\"https:\/\/rennsau-amps.de\/wp-content\/uploads\/2023\/08\/RENNSAU_RA-15_fb-1-300x169.jpg 300w, https:\/\/rennsau-amps.de\/wp-content\/uploads\/2023\/08\/RENNSAU_RA-15_fb-1-700x394.jpg 700w, https:\/\/rennsau-amps.de\/wp-content\/uploads\/2023\/08\/RENNSAU_RA-15_fb-1-768x432.jpg 768w, https:\/\/rennsau-amps.de\/wp-content\/uploads\/2023\/08\/RENNSAU_RA-15_fb-1.jpg 1400w\" sizes=\"(max-width: 300px) 100vw, 300px\" \/><\/a><br \/>\n<\/strong><\/span><span style=\"color: #8c8c8c;\"><a style=\"color: #8c8c8c;\" href=\"https:\/\/rennsau-amps.de\/rengla-15\/\">15 Watt Ausgangsleistung<\/a><\/span><br \/>\n<span style=\"color: #8c8c8c;\">2 Kan\u00e4le<\/span><\/span><\/p>\n<hr>\n<p>&nbsp;<br \/>\n&nbsp;<\/p>\n<p>&nbsp;<\/p>\n<p>&nbsp;<br \/>\n&nbsp;<\/p>\n<p><span style=\"font-size: 30pt;\"><strong><span style=\"color: #8c8c8c;\"><a style=\"color: #8c8c8c;\" href=\"https:\/\/rennsau-amps.de\/rengla-50\/\">Rengla-50<\/a><\/span><a href=\"https:\/\/rennsau-amps.de\/rengla-50\/\"><img decoding=\"async\" loading=\"lazy\" class=\"alignright wp-image-4566\" src=\"https:\/\/rennsau-amps.de\/wp-content\/uploads\/2022\/12\/Rengla_Front_Bottom-300x169.jpg\" alt=\"\" width=\"300\" height=\"169\" srcset=\"https:\/\/rennsau-amps.de\/wp-content\/uploads\/2022\/12\/Rengla_Front_Bottom-300x169.jpg 300w, https:\/\/rennsau-amps.de\/wp-content\/uploads\/2022\/12\/Rengla_Front_Bottom-768x432.jpg 768w, https:\/\/rennsau-amps.de\/wp-content\/uploads\/2022\/12\/Rengla_Front_Bottom-700x394.jpg 700w, https:\/\/rennsau-amps.de\/wp-content\/uploads\/2022\/12\/Rengla_Front_Bottom.jpg 1280w\" sizes=\"(max-width: 300px) 100vw, 300px\" \/><\/a><\/strong><\/span><br \/>\n<span style=\"font-size: 14pt;\"><span style=\"color: #8c8c8c;\"><a style=\"color: #8c8c8c;\" href=\"https:\/\/rennsau-amps.de\/rengla-50\/\"> 50 Watt Ausgangsleistung<\/a><\/span><br \/>\n<span style=\"color: #8c8c8c;\">2 Kan\u00e4le<\/span><br \/>\n<\/span><\/p>\n<hr>\n<p>&nbsp;<\/p>\n<p>&nbsp;<\/p>\n<p>&nbsp;<\/p>\n<p>&nbsp;<\/p>\n<p>&nbsp;<\/p>\n<p>&nbsp;<br \/>\n<span style=\"font-size: 30pt;\"><strong><span style=\"color: #8c8c8c;\"><a style=\"color: #8c8c8c;\" href=\"https:\/\/rennsau-amps.de\/100-watt-3\/\">RX-100<\/a><\/span><a href=\"https:\/\/rennsau-amps.de\/100-watt-3\/\"><img decoding=\"async\" loading=\"lazy\" class=\"alignright wp-image-5019\" src=\"https:\/\/rennsau-amps.de\/wp-content\/uploads\/2023\/11\/rennsau_rx100_frontal-e1699618366584-700x238.jpg\" alt=\"\" width=\"442\" height=\"150\" srcset=\"https:\/\/rennsau-amps.de\/wp-content\/uploads\/2023\/11\/rennsau_rx100_frontal-e1699618366584-700x238.jpg 700w, https:\/\/rennsau-amps.de\/wp-content\/uploads\/2023\/11\/rennsau_rx100_frontal-e1699618366584-300x102.jpg 300w, https:\/\/rennsau-amps.de\/wp-content\/uploads\/2023\/11\/rennsau_rx100_frontal-e1699618366584-768x261.jpg 768w, https:\/\/rennsau-amps.de\/wp-content\/uploads\/2023\/11\/rennsau_rx100_frontal-e1699618366584-1536x522.jpg 1536w, https:\/\/rennsau-amps.de\/wp-content\/uploads\/2023\/11\/rennsau_rx100_frontal-e1699618366584.jpg 1575w\" sizes=\"(max-width: 442px) 100vw, 442px\" \/><\/a><\/strong><\/span><br \/>\n<span style=\"font-size: 14pt;\"><span style=\"color: #8c8c8c;\"><a style=\"color: #8c8c8c;\" href=\"https:\/\/rennsau-amps.de\/100-watt-3\/\"> 100 oder 50 Watt Ausgangsleistung<\/a><\/span><br \/>\n<span style=\"color: #8c8c8c;\">3 Kan\u00e4le<\/span><br \/>\n<\/span><\/p>\n<hr>\n<p>&nbsp;<\/p>\n<p>&nbsp;<\/p>\n<p>&nbsp;<\/p>\n","protected":false},"excerpt":{"rendered":"<p>&nbsp; &nbsp; Rengla-15 15 Watt Ausgangsleistung 2 Kan\u00e4le &nbsp; &nbsp; &nbsp; &nbsp; &nbsp; Rengla-50 50 Watt Ausgangsleistung 2 Kan\u00e4le &nbsp; &nbsp; &nbsp; &nbsp; &nbsp; &nbsp; RX-100 100 oder 50 Watt Ausgangsleistung 3 Kan\u00e4le &nbsp; &nbsp; &nbsp;<\/p>\n","protected":false},"author":1,"featured_media":0,"parent":0,"menu_order":0,"comment_status":"closed","ping_status":"closed","template":"","meta":{"_mi_skip_tracking":false,"ngg_post_thumbnail":0},"yst_prominent_words":[],"translation":{"provider":"WPGlobus","version":"2.10.10","language":"gb","enabled_languages":["de","gb"],"languages":{"de":{"title":true,"content":true,"excerpt":false},"gb":{"title":false,"content":false,"excerpt":false}}},"_links":{"self":[{"href":"https:\/\/rennsau-amps.de\/gb\/wp-json\/wp\/v2\/pages\/17"}],"collection":[{"href":"https:\/\/rennsau-amps.de\/gb\/wp-json\/wp\/v2\/pages"}],"about":[{"href":"https:\/\/rennsau-amps.de\/gb\/wp-json\/wp\/v2\/types\/page"}],"author":[{"embeddable":true,"href":"https:\/\/rennsau-amps.de\/gb\/wp-json\/wp\/v2\/users\/1"}],"replies":[{"embeddable":true,"href":"https:\/\/rennsau-amps.de\/gb\/wp-json\/wp\/v2\/comments?post=17"}],"version-history":[{"count":145,"href":"https:\/\/rennsau-amps.de\/gb\/wp-json\/wp\/v2\/pages\/17\/revisions"}],"predecessor-version":[{"id":5105,"href":"https:\/\/rennsau-amps.de\/gb\/wp-json\/wp\/v2\/pages\/17\/revisions\/5105"}],"wp:attachment":[{"href":"https:\/\/rennsau-amps.de\/gb\/wp-json\/wp\/v2\/media?parent=17"}],"wp:term":[{"taxonomy":"yst_prominent_words","embeddable":true,"href":"https:\/\/rennsau-amps.de\/gb\/wp-json\/wp\/v2\/yst_prominent_words?post=17"}],"curies":[{"name":"wp","href":"https:\/\/api.w.org\/{rel}","templated":true}]}}