{"id":19,"date":"2017-02-02T18:56:58","date_gmt":"2017-02-02T17:56:58","guid":{"rendered":"http:\/\/vms-amps.de.dd26708.kasserver.com\/?page_id=19"},"modified":"2020-03-31T11:34:00","modified_gmt":"2020-03-31T09:34:00","slug":"lautsprecher-lsp-412","status":"publish","type":"page","link":"https:\/\/rennsau-amps.de\/gb\/lautsprecher-lsp-412\/","title":{"rendered":"4 x 12&#8243;"},"content":{"rendered":"<h1><span style=\"font-size: 36pt;\"><strong>LSP 412<\/strong><\/span><\/h1>\n\n\n\t<div class='ngg-imagebrowser default-view'\n         id='ngg-imagebrowser-1b11b2b417caedc067c1508f1bcd8a83-19'\n         data-nextgen-gallery-id=\"1b11b2b417caedc067c1508f1bcd8a83\">\n\n        <h3>LSP412_1frei<\/h3>\n\n\t\t<div id=\"ngg-image-0\" class=\"pic\" >\n        \n        <a href='https:\/\/rennsau-amps.de\/wp-content\/gallery\/lsp412\/LSP412_1frei.png'\n           title=' '\n           data-src=\"https:\/\/rennsau-amps.de\/wp-content\/gallery\/lsp412\/LSP412_1frei.png\"\n           data-thumbnail=\"https:\/\/rennsau-amps.de\/wp-content\/gallery\/lsp412\/thumbs\/thumbs_LSP412_1frei.png\"\n           data-image-id=\"103\"\n           data-title=\"LSP412_1frei\"\n           data-description=\" \"\n           class=\"shutterset_1b11b2b417caedc067c1508f1bcd8a83\">\n            <img title='LSP412_1frei'\n                 alt='LSP412_1frei'\n                 src='https:\/\/rennsau-amps.de\/wp-content\/gallery\/lsp412\/LSP412_1frei.png'\/>\n        <\/a>\n\t    \n        <\/div> \n\n        <div class='ngg-imagebrowser-nav'>\n\n            <div class='back'>\n                <a class='ngg-browser-prev'\n                   id='ngg-prev-105'\n                   href='https:\/\/rennsau-amps.de\/gb\/lautsprecher-lsp-412\/nggallery\/image\/lsp412_1freilogo\/'>\n                    <i class=\"fa fa-chevron-left\" aria-hidden=\"true\"><\/i>\n                <\/a>\n            <\/div>\n\n            <div class='next'>\n                <a class='ngg-browser-next'\n                   id='ngg-next-101'\n                   href='https:\/\/rennsau-amps.de\/gb\/lautsprecher-lsp-412\/nggallery\/image\/lsp412_1freihinten\/'>\n                    <i class=\"fa fa-chevron-right\" aria-hidden=\"true\"><\/i>\n                <\/a>\n            <\/div>\n\n            <div class='counter'>\n                Image                1                of                4            <\/div>\n\n            <div class='ngg-imagebrowser-desc'>\n                <p> <\/p>\n            <\/div>\n\n        <\/div>\n    <\/div>\n\n\n<ul style=\"list-style-type: square;\">\n<ul>\n<li>\n<h1><span style=\"font-size: 14pt;\">Best\u00fcckt mit 4&#215;12&#8243; WGS RETRO 30<\/span><\/h1>\n<\/li>\n<li>\n<h1><span style=\"font-size: 14pt;\">Klassisch-Britischer Rocksound<\/span><\/h1>\n<\/li>\n<li>\n<h1><span style=\"font-size: 14pt;\">h\u00f6chste Belastbarkeit und brachiale Pegel<\/span><\/h1>\n<\/li>\n<li>\n<h1><span style=\"font-size: 14pt;\">Leistung: 300 Watt<\/span><\/h1>\n<\/li>\n<li>\n<h1><span style=\"font-size: 14pt;\">Zwei Anschl\u00fcsse f\u00fcr den Betrieb bei 4 oder 16 Ohm<\/span><\/h1>\n<\/li>\n<li>\n<h1><span style=\"font-size: 14pt;\">Gewicht: 48 Kg<\/span><\/h1>\n<\/li>\n<li>\n<h1><span style=\"font-size: 14pt;\">Ma\u00dfe: 745 x 736 x 305 mm<\/span><\/h1>\n<\/li>\n<\/ul>\n<\/ul>\n<p><iframe height=\"200\" src=\"https:\/\/www.youtube.com\/embed\/eHSsUgS9XkY\" frameborder=\"0\" allow=\"accelerometer; autoplay; encrypted-media; gyroscope; picture-in-picture\" allowfullscreen=\"\"><\/iframe><\/p>\n","protected":false},"excerpt":{"rendered":"<p>LSP 412 Best\u00fcckt mit 4&#215;12&#8243; WGS RETRO 30 Klassisch-Britischer Rocksound h\u00f6chste Belastbarkeit und brachiale Pegel Leistung: 300 Watt Zwei Anschl\u00fcsse f\u00fcr den Betrieb bei 4 oder 16 Ohm Gewicht: 48 Kg Ma\u00dfe: 745 x 736 x 305 mm<\/p>\n","protected":false},"author":1,"featured_media":0,"parent":0,"menu_order":0,"comment_status":"closed","ping_status":"closed","template":"","meta":{"_mi_skip_tracking":false,"ngg_post_thumbnail":0},"yst_prominent_words":[],"translation":{"provider":"WPGlobus","version":"2.10.10","language":"gb","enabled_languages":["de","gb"],"languages":{"de":{"title":true,"content":true,"excerpt":false},"gb":{"title":false,"content":false,"excerpt":false}}},"_links":{"self":[{"href":"https:\/\/rennsau-amps.de\/gb\/wp-json\/wp\/v2\/pages\/19"}],"collection":[{"href":"https:\/\/rennsau-amps.de\/gb\/wp-json\/wp\/v2\/pages"}],"about":[{"href":"https:\/\/rennsau-amps.de\/gb\/wp-json\/wp\/v2\/types\/page"}],"author":[{"embeddable":true,"href":"https:\/\/rennsau-amps.de\/gb\/wp-json\/wp\/v2\/users\/1"}],"replies":[{"embeddable":true,"href":"https:\/\/rennsau-amps.de\/gb\/wp-json\/wp\/v2\/comments?post=19"}],"version-history":[{"count":179,"href":"https:\/\/rennsau-amps.de\/gb\/wp-json\/wp\/v2\/pages\/19\/revisions"}],"predecessor-version":[{"id":2938,"href":"https:\/\/rennsau-amps.de\/gb\/wp-json\/wp\/v2\/pages\/19\/revisions\/2938"}],"wp:attachment":[{"href":"https:\/\/rennsau-amps.de\/gb\/wp-json\/wp\/v2\/media?parent=19"}],"wp:term":[{"taxonomy":"yst_prominent_words","embeddable":true,"href":"https:\/\/rennsau-amps.de\/gb\/wp-json\/wp\/v2\/yst_prominent_words?post=19"}],"curies":[{"name":"wp","href":"https:\/\/api.w.org\/{rel}","templated":true}]}}