{"id":2670,"date":"2020-02-14T15:21:51","date_gmt":"2020-02-14T14:21:51","guid":{"rendered":"http:\/\/rennsau-amps.de\/?page_id=2670"},"modified":"2025-01-31T11:14:48","modified_gmt":"2025-01-31T10:14:48","slug":"100-watt-3","status":"publish","type":"page","link":"https:\/\/rennsau-amps.de\/gb\/100-watt-3\/","title":{"rendered":"100 Watt, 3 Kan\u00e4le"},"content":{"rendered":"<p><span style=\"font-size: 36pt;\"><strong>RX-100 \/ RX-50<\/strong><\/span><span style=\"font-size: 12pt;\"><br \/>\nVollr\u00f6hren-Topteil<\/span><\/p>\n<p>\n\n\t<div class='ngg-imagebrowser default-view'\n         id='ngg-imagebrowser-04d9c612163fe07393d66f04882b92bd-2670'\n         data-nextgen-gallery-id=\"04d9c612163fe07393d66f04882b92bd\">\n\n        <h3>rennsau_RX100_vlo<\/h3>\n\n\t\t<div id=\"ngg-image-0\" class=\"pic\" >\n        \n        <a href='https:\/\/rennsau-amps.de\/wp-content\/gallery\/rx-100\/rennsau_RX100_vlo.JPG'\n           title=' '\n           data-src=\"https:\/\/rennsau-amps.de\/wp-content\/gallery\/rx-100\/rennsau_RX100_vlo.JPG\"\n           data-thumbnail=\"https:\/\/rennsau-amps.de\/wp-content\/gallery\/rx-100\/thumbs\/thumbs_rennsau_RX100_vlo.JPG\"\n           data-image-id=\"455\"\n           data-title=\"rennsau_RX100_vlo\"\n           data-description=\" \"\n           class=\"shutterset_04d9c612163fe07393d66f04882b92bd\">\n            <img title='rennsau_RX100_vlo'\n                 alt='rennsau_RX100_vlo'\n                 src='https:\/\/rennsau-amps.de\/wp-content\/gallery\/rx-100\/rennsau_RX100_vlo.JPG'\/>\n        <\/a>\n\t    \n        <\/div> \n\n        <div class='ngg-imagebrowser-nav'>\n\n            <div class='back'>\n                <a class='ngg-browser-prev'\n                   id='ngg-prev-460'\n                   href='https:\/\/rennsau-amps.de\/gb\/100-watt-3\/nggallery\/image\/rennsau_rx100_detail1\/'>\n                    <i class=\"fa fa-chevron-left\" aria-hidden=\"true\"><\/i>\n                <\/a>\n            <\/div>\n\n            <div class='next'>\n                <a class='ngg-browser-next'\n                   id='ngg-next-461'\n                   href='https:\/\/rennsau-amps.de\/gb\/100-watt-3\/nggallery\/image\/rennsau_rx100_front\/'>\n                    <i class=\"fa fa-chevron-right\" aria-hidden=\"true\"><\/i>\n                <\/a>\n            <\/div>\n\n            <div class='counter'>\n                Image                1                of                6            <\/div>\n\n            <div class='ngg-imagebrowser-desc'>\n                <p> <\/p>\n            <\/div>\n\n        <\/div>\n    <\/div>\n\n<span style=\"font-size: 14pt;\"><article id=\"arbitrary-instance-69d8fd219f506\" class=\"iron_widget_radio\"><div class=\"iron-audioplayer  sonaar-no-artwork sr_waveform_ playlist_has_no_ctas\" id=\"arbitrary-instance-69d8fd219f506-dfa1413b9c\" data-id=\"arbitrary-instance-69d8fd219f506\" data-albums=\"4387\"data-url-playlist=\"https:\/\/rennsau-amps.de\/gb\/?load=playlist.json&#038;title=&#038;albums=4387&#038;feed_title=&#038;feed=&#038;feed_img=&#038;el_widget_id=&#038;artwork=&#038;posts_per_pages=-1&#038;all_category=&#038;single_playlist=&#038;reverse_tracklist=&#038;audio_meta_field=&#038;repeater_meta_field=\" data-sticky-player=\"0\" data-shuffle=\"\" data-playlist_title=\"\" data-scrollbar=\"\" data-wave-color=\"\" data-wave-progress-color=\"\" data-spectro=\"\" data-no-wave=\"\" data-hide-progressbar=\"\" data-progress-bar-style=\"\"data-feedurl=\"0\" data-notrackskip=\"\" data-no-loop-tracklist=\"\" data-playertemplate =\"skin_float_tracklist\" data-hide-artwork =\"1\" data-speedrate=\"1\" \" data-tracks-per-page=\"\" data-adaptive-colors=\"\" data-adaptive-colors-freeze=\"\" style=\"opacity:0;\"><div class=\"sonaar-grid\" style=&quot;display:none;&quot;><div class=\"playlist\" id=\"playlist_arbitrary-instance-69d8fd219f506\"><h3 class=\"sr_it-playlist-title\"><\/h3><div class=\"srp_subtitle\"><\/div><div class=\"srp_tracklist\"><ul class=\"srp_list\"><li \n            class=\"sr-playlist-item sr-playlist-item-flex\" \n            data-audiopath=\"https:\/\/rennsau-amps.de\/wp-content\/uploads\/2022\/09\/Overdrive-Hybrid.mp3\"\n            data-showloading=\"1\"\n            data-albumTitle=\"RX-100\"\n            data-albumArt=\"\"\n            data-releasedate=\"\"\n            data-date=\"2022\/09\/23\"\n            data-show-date=\"\"\n            data-trackTitle=\"Overdrive Hybrid\"\n            data-trackID=\"4424\"\n            data-trackTime=\"0:10\"\n            data-relatedTrack=\"\"\n            data-post-url=\"\"\n            data-post-id=\"4387\"\n            data-track-pos=0\n            data-track-lyric=\"\"\n            ><span class=\"store-list\"><\/span><\/li><li \n            class=\"sr-playlist-item sr-playlist-item-flex\" \n            data-audiopath=\"https:\/\/rennsau-amps.de\/wp-content\/uploads\/2022\/09\/Lead-Solo.mp3\"\n            data-showloading=\"1\"\n            data-albumTitle=\"RX-100\"\n            data-albumArt=\"\"\n            data-releasedate=\"\"\n            data-date=\"2022\/09\/23\"\n            data-show-date=\"\"\n            data-trackTitle=\"Lead Solo\"\n            data-trackID=\"4423\"\n            data-trackTime=\"0:25\"\n            data-relatedTrack=\"\"\n            data-post-url=\"\"\n            data-post-id=\"4387\"\n            data-track-pos=1\n            data-track-lyric=\"\"\n            ><span class=\"store-list\"><\/span><\/li><li \n            class=\"sr-playlist-item sr-playlist-item-flex\" \n            data-audiopath=\"https:\/\/rennsau-amps.de\/wp-content\/uploads\/2022\/09\/Overdrive-Rythm.mp3\"\n            data-showloading=\"1\"\n            data-albumTitle=\"RX-100\"\n            data-albumArt=\"\"\n            data-releasedate=\"\"\n            data-date=\"2022\/09\/23\"\n            data-show-date=\"\"\n            data-trackTitle=\"Overdrive Rythm\"\n            data-trackID=\"4425\"\n            data-trackTime=\"0:23\"\n            data-relatedTrack=\"\"\n            data-post-url=\"\"\n            data-post-id=\"4387\"\n            data-track-pos=2\n            data-track-lyric=\"\"\n            ><span class=\"store-list\"><\/span><\/li><li \n            class=\"sr-playlist-item sr-playlist-item-flex\" \n            data-audiopath=\"https:\/\/rennsau-amps.de\/wp-content\/uploads\/2022\/09\/Clean-Chorus.mp3\"\n            data-showloading=\"1\"\n            data-albumTitle=\"RX-100\"\n            data-albumArt=\"\"\n            data-releasedate=\"\"\n            data-date=\"2022\/09\/23\"\n            data-show-date=\"\"\n            data-trackTitle=\"Clean Chorus\"\n            data-trackID=\"4427\"\n            data-trackTime=\"0:26\"\n            data-relatedTrack=\"\"\n            data-post-url=\"\"\n            data-post-id=\"4387\"\n            data-track-pos=3\n            data-track-lyric=\"\"\n            ><span class=\"store-list\"><\/span><\/li><li \n            class=\"sr-playlist-item sr-playlist-item-flex\" \n            data-audiopath=\"https:\/\/rennsau-amps.de\/wp-content\/uploads\/2022\/09\/Pinch-Harmonics.mp3\"\n            data-showloading=\"1\"\n            data-albumTitle=\"RX-100\"\n            data-albumArt=\"\"\n            data-releasedate=\"\"\n            data-date=\"2022\/09\/23\"\n            data-show-date=\"\"\n            data-trackTitle=\"Pinch Harmonics\"\n            data-trackID=\"4426\"\n            data-trackTime=\"0:15\"\n            data-relatedTrack=\"\"\n            data-post-url=\"\"\n            data-post-id=\"4387\"\n            data-track-pos=4\n            data-track-lyric=\"\"\n            ><span class=\"store-list\"><\/span><\/li><\/ul><\/div><\/div><\/div><div class=\"album-player\"><div class=\"album-title\"><\/div><div class=\"track-title\"><\/div> <div class=\"player \" ><div class=\"sr_progressbar\">\n                \n            <div class=\"currentTime\"><\/div>\n         \n                <div id=\"arbitrary-instance-69d8fd219f506-573c256724-wave\" class=\"wave\" >\n                \n            <div class=\"sonaar_fake_wave\" >\n                <audio src=\"\" class=\"sonaar_media_element\"><\/audio>\n                <div class=\"sonaar_wave_base\">\n                    <canvas id=arbitrary-instance-69d8fd219f506-container class=\"\" height=\"70\" width=\"2540\"><\/canvas>\n                    <svg><\/svg>\n                <\/div>\n                <div class=\"sonaar_wave_cut\">\n                    <canvas id=arbitrary-instance-69d8fd219f506-progress class=\"\" height=\"70\" width=\"2540\"><\/canvas>\n                    <svg><\/svg>\n                <\/div>\n            <\/div> \n                <\/div>\n                \n            <div class=\"totalTime\"><\/div>\n         \n             <\/div><div class=\"srp_main_control srp_oneColumn\"><div class=\"control\"><div class=\"previous sricon-back\" style=\"opacity:0;\"><\/div><div class=\"play\" style=\"opacity:0;\">\n                <i class=\"sricon-play\"><\/i>\n            <\/div><div class=\"next sricon-forward\" style=\"opacity:0;\"><\/div><\/div><div class=\"control\"><\/div><\/div><\/div><\/div><div class=\"album-store\"><\/div><\/div><script>if(typeof setIronAudioplayers !== \"undefined\"){ setIronAudioplayers(\"arbitrary-instance-69d8fd219f506\"); }<\/script><\/article><\/span><\/p>\n<p>&nbsp;<\/p>\n<h3><span style=\"color: #000000;\"><strong>Gitarren-Topteil<\/strong><\/span><\/h3>\n<p><span style=\"font-size: 14pt;\">Das RX-100 Vollr\u00f6hren-Topteil vereint die Analogtechnik der fr\u00fchen 60er Jahre mit den komfortablen Bedienm\u00f6glichkeiten moderner Digitaltechnik.<\/span><\/p>\n<p><span style=\"font-size: 14pt;\">Die Signalf\u00fchrung erfolgt ausschlie\u00dflich in handverdrahteter R\u00f6hrentechnik alter Schule. Transistoren, ICs oder Mikroprozessoren kommen bei der Klangerzeugung nicht zum Einsatz!<\/span><\/p>\n<p><span style=\"font-size: 14pt;\">Die drei v\u00f6llig separaten Kan\u00e4le bieten Dir Sounds von absolut clean \u00fcber leichten Overdrive bis hin zu v\u00f6lliger Verzerrung und erlauben durch die progressive Klangregelung und zus\u00e4tzliche Soundvarianten in jedem Kanal vielschichtige Einstellm\u00f6glichkeiten.<br \/>\nDer R\u00f6hrengepufferte FX-Loop und das analoge Noisegate lassen sich separat f\u00fcr jeden Kanal programmieren und sorgen f\u00fcr gr\u00f6\u00dftm\u00f6gliche Flexibilit\u00e4t.<\/span><\/p>\n\n\n\t<div class='ngg-imagebrowser default-view'\n         id='ngg-imagebrowser-71e25519ffba5989340f8af3a36af27f-2670'\n         data-nextgen-gallery-id=\"71e25519ffba5989340f8af3a36af27f\">\n\n        <h3>Detail<\/h3>\n\n\t\t<div id=\"ngg-image-0\" class=\"pic\" >\n        \n        <a href='https:\/\/rennsau-amps.de\/wp-content\/gallery\/sx-1\/Detail.JPG'\n           title=' '\n           data-src=\"https:\/\/rennsau-amps.de\/wp-content\/gallery\/sx-1\/Detail.JPG\"\n           data-thumbnail=\"https:\/\/rennsau-amps.de\/wp-content\/gallery\/sx-1\/thumbs\/thumbs_Detail.JPG\"\n           data-image-id=\"312\"\n           data-title=\"Detail\"\n           data-description=\" \"\n           class=\"shutterset_71e25519ffba5989340f8af3a36af27f\">\n            <img title='Detail'\n                 alt='Detail'\n                 src='https:\/\/rennsau-amps.de\/wp-content\/gallery\/sx-1\/Detail.JPG'\/>\n        <\/a>\n\t    \n        <\/div> \n\n        <div class='ngg-imagebrowser-nav'>\n\n            <div class='back'>\n                <a class='ngg-browser-prev'\n                   id='ngg-prev-316'\n                   href='https:\/\/rennsau-amps.de\/gb\/100-watt-3\/nggallery\/image\/unten\/'>\n                    <i class=\"fa fa-chevron-left\" aria-hidden=\"true\"><\/i>\n                <\/a>\n            <\/div>\n\n            <div class='next'>\n                <a class='ngg-browser-next'\n                   id='ngg-next-313'\n                   href='https:\/\/rennsau-amps.de\/gb\/100-watt-3\/nggallery\/image\/hinten-1\/'>\n                    <i class=\"fa fa-chevron-right\" aria-hidden=\"true\"><\/i>\n                <\/a>\n            <\/div>\n\n            <div class='counter'>\n                Image                1                of                10            <\/div>\n\n            <div class='ngg-imagebrowser-desc'>\n                <p> <\/p>\n            <\/div>\n\n        <\/div>\n    <\/div>\n\n\n<h3><span style=\"color: #000000;\"><strong>Rig-Manager<\/strong><\/span><\/h3>\n<p><span style=\"font-size: 14pt;\">Gesteuert wird der RX-100 \u00fcber die patentierte Bedienplattform SX-1.<br \/>\n(optional <strong><a href=\"https:\/\/rennsau-amps.de\/6x-footcontroller\/\">SX-10 Rig-Manager<\/a><\/strong>)<\/span><\/p>\n<p><span style=\"font-size: 14pt;\">Die drei massiven Fu\u00dfschalter dienen zur Kanalumschaltung und zur Aktivierung des b\u00fchnentauglichen Stimmger\u00e4ts. Der SX-1 bietet einen zus\u00e4tzlichen Gitarreneingang mit 15dB-Booster, Anschl\u00fcsse f\u00fcr Send und Return sowie eine 12 Volt-Stromversorgung f\u00fcr deine Pedaleffekte.<\/span><\/p>\n<p><span style=\"font-size: 14pt;\">\u00dcber den 2,4&#8243;-Touchscreen lassen sich alle Funktionen im RX-100 steuern, so zum Beispiel die Programmierung des FX-Loops und des Noise-Gates.<br \/>\nZum Funktionsumfang geh\u00f6rt au\u00dferdem ein Metronom und ein Diagnosetool zur Visualisierung des Endstufenruhestroms.<\/span><\/p>\n<p><span style=\"font-size: 14pt;\">Wie all unsere Produkte ist der RX-100 Handverdrahtet und<br \/>\n100% Made in Germany.<\/span><\/p>\n<hr>\n<ul style=\"list-style-type: square;\">\n<li>\n<h1><span style=\"font-size: 14pt;\">Leistung: 100 Watt (RX-100) oder 50 Watt (RX-50)<\/span><\/h1>\n<\/li>\n<li>\n<h1><span style=\"font-size: 14pt;\">3 Kan\u00e4le f\u00fcr Clean, Overdrive und Lead<\/span><\/h1>\n<\/li>\n<li>\n<h1><span style=\"font-size: 14pt;\">Zus\u00e4tzliche Soundvarianten jeweils pro Kanal programmierbar<\/span><\/h1>\n<\/li>\n<li>\n<h1><span style=\"font-size: 14pt;\">Besonders effektive Klangregelung mit Tiefen-, Mitten- und H\u00f6henreglung jeweils pro Kanal<\/span><\/h1>\n<\/li>\n<li>\n<h1><span style=\"font-size: 14pt;\">R\u00f6hrengepufferter, paralleler FX-Loop mit Mix-Regler, schaltbar und einzeln pro Kanal programmierbar<\/span><\/h1>\n<\/li>\n<li>\n<h1><span style=\"font-size: 14pt;\">Noisegate mit stufenlos einstellbarem Threshold separat f\u00fcr jeden Kanal programmierbar<\/span><\/h1>\n<\/li>\n<li>\n<h1><span style=\"font-size: 14pt;\">B\u00fchnentaugliches Stimmger\u00e4t<\/span><\/h1>\n<\/li>\n<li>\n<h1><span style=\"font-size: 14pt;\">Metronom mit optischem und akustischem Taktgeber<\/span><\/h1>\n<\/li>\n<li>\n<h1><span style=\"font-size: 14pt;\">12 Volt Spannungsversorgung am Fu\u00dfschalter f\u00fcr Bodeneffektge\u00e4te bis insgesamt 1000mA<\/span><\/h1>\n<\/li>\n<li>\n<h1><span style=\"font-size: 14pt;\">\u00dcberwachung der Endstufenr\u00f6hren mit Alarmfunktion<\/span><\/h1>\n<\/li>\n<li>\n<h1><span style=\"font-size: 14pt;\">MIDI-Funktionalit\u00e4t (Option)<\/span><\/h1>\n<\/li>\n<li>\n<h1><span style=\"font-size: 14pt;\">4 KT88 Endstufenr\u00f6hren (Zus\u00e4tzliche ECC82 als Endstufenr\u00f6hre optional)<\/span><\/h1>\n<\/li>\n<li>\n<h1><span style=\"font-size: 14pt;\">3x ECC83, 1x E83CC und 2x ECC82 Vorstufenr\u00f6hren<\/span><\/h1>\n<\/li>\n<li>\n<h1><span style=\"font-size: 14pt;\">Inklusive Fu\u00dfschalter &#8220;SX-1&#8221; mit einer Aufstellfl\u00e4che von nur 155 x 85 mm<\/span><\/h1>\n<\/li>\n<li>\n<h1><span style=\"font-size: 14pt;\">Ergonomische Griffe an 4 Seiten<\/span><\/h1>\n<\/li>\n<li>\n<h1><span style=\"font-size: 14pt;\">Handverdrahtet, 100% Made in Germany<br \/>\n<\/span><\/h1>\n<\/li>\n<li>\n<h1><span style=\"font-size: 14pt;\">Gewicht: 21,5 Kg<\/span><\/h1>\n<\/li>\n<li>\n<h1><span style=\"font-size: 14pt;\">Ma\u00dfe: 735 x 220 x 240 mm<\/span><\/h1>\n<\/li>\n<\/ul>\n<p>&nbsp;<\/p>\n<div class=\"epyt-video-wrapper\"><iframe loading=\"lazy\"  id=\"_ytid_25630\"  width=\"710\" height=\"399\"  data-origwidth=\"710\" data-origheight=\"399\" src=\"https:\/\/www.youtube.com\/embed\/beHLQIztOPE?enablejsapi=1&#038;autoplay=0&#038;cc_load_policy=0&#038;cc_lang_pref=&#038;iv_load_policy=1&#038;loop=0&#038;modestbranding=0&#038;rel=0&#038;fs=1&#038;playsinline=0&#038;autohide=2&#038;theme=dark&#038;color=red&#038;controls=1&#038;\" class=\"__youtube_prefs__  epyt-is-override  no-lazyload\" title=\"YouTube player\"  allow=\"accelerometer; autoplay; clipboard-write; encrypted-media; gyroscope; picture-in-picture\" allowfullscreen data-no-lazy=\"1\" data-skipgform_ajax_framebjll=\"\"><\/iframe><\/div>\n<p>&nbsp;<\/p>\n<p>&nbsp;<\/p>\n<p>&nbsp;<\/p>\n","protected":false},"excerpt":{"rendered":"<p>RX-100 \/ RX-50 Vollr\u00f6hren-Topteil &nbsp; Gitarren-Topteil Das RX-100 Vollr\u00f6hren-Topteil vereint die Analogtechnik der fr\u00fchen 60er Jahre mit den komfortablen Bedienm\u00f6glichkeiten moderner Digitaltechnik. Die Signalf\u00fchrung erfolgt ausschlie\u00dflich in handverdrahteter R\u00f6hrentechnik alter Schule. Transistoren, ICs oder Mikroprozessoren kommen bei der Klangerzeugung nicht<\/p>\n","protected":false},"author":1,"featured_media":0,"parent":0,"menu_order":0,"comment_status":"closed","ping_status":"closed","template":"","meta":{"_mi_skip_tracking":false,"ngg_post_thumbnail":0},"yst_prominent_words":[],"translation":{"provider":"WPGlobus","version":"2.10.10","language":"gb","enabled_languages":["de","gb"],"languages":{"de":{"title":true,"content":true,"excerpt":false},"gb":{"title":false,"content":false,"excerpt":false}}},"_links":{"self":[{"href":"https:\/\/rennsau-amps.de\/gb\/wp-json\/wp\/v2\/pages\/2670"}],"collection":[{"href":"https:\/\/rennsau-amps.de\/gb\/wp-json\/wp\/v2\/pages"}],"about":[{"href":"https:\/\/rennsau-amps.de\/gb\/wp-json\/wp\/v2\/types\/page"}],"author":[{"embeddable":true,"href":"https:\/\/rennsau-amps.de\/gb\/wp-json\/wp\/v2\/users\/1"}],"replies":[{"embeddable":true,"href":"https:\/\/rennsau-amps.de\/gb\/wp-json\/wp\/v2\/comments?post=2670"}],"version-history":[{"count":106,"href":"https:\/\/rennsau-amps.de\/gb\/wp-json\/wp\/v2\/pages\/2670\/revisions"}],"predecessor-version":[{"id":5099,"href":"https:\/\/rennsau-amps.de\/gb\/wp-json\/wp\/v2\/pages\/2670\/revisions\/5099"}],"wp:attachment":[{"href":"https:\/\/rennsau-amps.de\/gb\/wp-json\/wp\/v2\/media?parent=2670"}],"wp:term":[{"taxonomy":"yst_prominent_words","embeddable":true,"href":"https:\/\/rennsau-amps.de\/gb\/wp-json\/wp\/v2\/yst_prominent_words?post=2670"}],"curies":[{"name":"wp","href":"https:\/\/api.w.org\/{rel}","templated":true}]}}