{"id":2797,"date":"2020-03-28T13:15:42","date_gmt":"2020-03-28T12:15:42","guid":{"rendered":"http:\/\/rennsau-amps.de\/?page_id=2797"},"modified":"2022-10-13T17:53:55","modified_gmt":"2022-10-13T15:53:55","slug":"combo-100-watt","status":"publish","type":"page","link":"https:\/\/rennsau-amps.de\/gb\/combo-100-watt\/","title":{"rendered":"Combo 100 Watt"},"content":{"rendered":"<p><span style=\"font-size: 36pt;\"><strong>RX-100 \/ RX-50 Combo<\/strong><\/span><span style=\"font-size: 12pt;\"><br \/>\nVollr\u00f6hren-Combo<\/span><\/p>\n<p>\n\n\t<div class='ngg-imagebrowser default-view'\n         id='ngg-imagebrowser-a51c7b366a4355a30802f8853ac34ee8-2797'\n         data-nextgen-gallery-id=\"a51c7b366a4355a30802f8853ac34ee8\">\n\n        <h3>RX-100C schrg links vorn<\/h3>\n\n\t\t<div id=\"ngg-image-0\" class=\"pic\" >\n        \n        <a href='https:\/\/rennsau-amps.de\/wp-content\/gallery\/rx-100-combo\/RX-100C-schrg-links-vorn.JPG'\n           title=' '\n           data-src=\"https:\/\/rennsau-amps.de\/wp-content\/gallery\/rx-100-combo\/RX-100C-schrg-links-vorn.JPG\"\n           data-thumbnail=\"https:\/\/rennsau-amps.de\/wp-content\/gallery\/rx-100-combo\/thumbs\/thumbs_RX-100C-schrg-links-vorn.JPG\"\n           data-image-id=\"274\"\n           data-title=\"RX-100C schrg links vorn\"\n           data-description=\" \"\n           class=\"shutterset_a51c7b366a4355a30802f8853ac34ee8\">\n            <img title='RX-100C schrg links vorn'\n                 alt='RX-100C schrg links vorn'\n                 src='https:\/\/rennsau-amps.de\/wp-content\/gallery\/rx-100-combo\/RX-100C-schrg-links-vorn.JPG'\/>\n        <\/a>\n\t    \n        <\/div> \n\n        <div class='ngg-imagebrowser-nav'>\n\n            <div class='back'>\n                <a class='ngg-browser-prev'\n                   id='ngg-prev-292'\n                   href='https:\/\/rennsau-amps.de\/gb\/combo-100-watt\/nggallery\/image\/rx-50\/'>\n                    <i class=\"fa fa-chevron-left\" aria-hidden=\"true\"><\/i>\n                <\/a>\n            <\/div>\n\n            <div class='next'>\n                <a class='ngg-browser-next'\n                   id='ngg-next-270'\n                   href='https:\/\/rennsau-amps.de\/gb\/combo-100-watt\/nggallery\/image\/rx-100c-frontal\/'>\n                    <i class=\"fa fa-chevron-right\" aria-hidden=\"true\"><\/i>\n                <\/a>\n            <\/div>\n\n            <div class='counter'>\n                Image                1                of                10            <\/div>\n\n            <div class='ngg-imagebrowser-desc'>\n                <p> <\/p>\n            <\/div>\n\n        <\/div>\n    <\/div>\n\n<span style=\"font-size: 14pt;\">Die RX-Vollr\u00f6hren-Combos vereinen die Analogtechnik der fr\u00fchen 60er Jahre mit den komfortablen Bedienm\u00f6glichkeiten moderner Digitaltechnik.<\/span><\/p>\n<p><span style=\"font-size: 14pt;\">Die Signalf\u00fchrung erfolgt ausschlie\u00dflich in handverdrahteter R\u00f6hrentechnik alter Schule.&nbsp;<\/span><\/p>\n<p><span style=\"font-size: 14pt;\">Die drei v\u00f6llig separaten Kan\u00e4le bieten Dir Sounds von absolut clean \u00fcber leichten Overdrive bis hin zu v\u00f6lliger Verzerrung und erlauben durch die progressive Klangregelung und zus\u00e4tzliche Soundvarianten in jedem Kanal vielschichtige Einstellm\u00f6glichkeiten.<br \/>\nDer R\u00f6hrengepufferte FX-Loop und das analoge Noisegate lassen sich separat f\u00fcr jeden Kanal programmieren und sorgen f\u00fcr gr\u00f6\u00dftm\u00f6gliche Flexibilit\u00e4t.<\/span><\/p>\n<p>\n\n\t<div class='ngg-imagebrowser default-view'\n         id='ngg-imagebrowser-71e25519ffba5989340f8af3a36af27f-2797'\n         data-nextgen-gallery-id=\"71e25519ffba5989340f8af3a36af27f\">\n\n        <h3>Detail<\/h3>\n\n\t\t<div id=\"ngg-image-0\" class=\"pic\" >\n        \n        <a href='https:\/\/rennsau-amps.de\/wp-content\/gallery\/sx-1\/Detail.JPG'\n           title=' '\n           data-src=\"https:\/\/rennsau-amps.de\/wp-content\/gallery\/sx-1\/Detail.JPG\"\n           data-thumbnail=\"https:\/\/rennsau-amps.de\/wp-content\/gallery\/sx-1\/thumbs\/thumbs_Detail.JPG\"\n           data-image-id=\"312\"\n           data-title=\"Detail\"\n           data-description=\" \"\n           class=\"shutterset_71e25519ffba5989340f8af3a36af27f\">\n            <img title='Detail'\n                 alt='Detail'\n                 src='https:\/\/rennsau-amps.de\/wp-content\/gallery\/sx-1\/Detail.JPG'\/>\n        <\/a>\n\t    \n        <\/div> \n\n        <div class='ngg-imagebrowser-nav'>\n\n            <div class='back'>\n                <a class='ngg-browser-prev'\n                   id='ngg-prev-316'\n                   href='https:\/\/rennsau-amps.de\/gb\/combo-100-watt\/nggallery\/image\/unten\/'>\n                    <i class=\"fa fa-chevron-left\" aria-hidden=\"true\"><\/i>\n                <\/a>\n            <\/div>\n\n            <div class='next'>\n                <a class='ngg-browser-next'\n                   id='ngg-next-313'\n                   href='https:\/\/rennsau-amps.de\/gb\/combo-100-watt\/nggallery\/image\/hinten-1\/'>\n                    <i class=\"fa fa-chevron-right\" aria-hidden=\"true\"><\/i>\n                <\/a>\n            <\/div>\n\n            <div class='counter'>\n                Image                1                of                10            <\/div>\n\n            <div class='ngg-imagebrowser-desc'>\n                <p> <\/p>\n            <\/div>\n\n        <\/div>\n    <\/div>\n\n<span style=\"font-size: 14pt;\">Gesteuert wird der RX-100 \u00fcber unsere patentierte Bedienplattform SX-1.<br \/>\n<span style=\"font-size: 14pt;\">Die drei massiven Fu\u00dfschalter dienen zur Kanalumschaltung und zur Aktivierung des b\u00fchnentauglichen Stimmger\u00e4ts. Der SX-1 bietet einen zus\u00e4tzlichen Gitarreneingang mit 15dB-Booster, Anschl\u00fcsse f\u00fcr Send und Return sowie eine 12 Volt-Stromversorgung f\u00fcr deine Pedaleffekte. L\u00e4stiger Kabelsalat zwischen Amp und Effektboard geh\u00f6rt damit der Vergangenheit an!<\/span><\/span><\/p>\n<p><span style=\"font-size: 14pt;\">\u00dcber den 2,4&#8243;-Touchscreen lassen sich alle Funktionen im RX-100 steuern, so zum Beispiel die Programmierung des FX-Loops und des Noise-Gates.<br \/>\nZum Funktionsumfang geh\u00f6rt au\u00dferdem ein Metronom und ein Diagnosetool zur Visualisierung des Endstufenruhestroms.<\/span><\/p>\n<p><span style=\"font-size: 14pt;\">Wie all unsere Produkte ist der RX-100 Handverdrahtet und<br \/>\n100% Made in Germany.<\/span><\/p>\n<ul style=\"list-style-type: square;\">\n<li style=\"list-style-type: none;\">\n<ul style=\"list-style-type: square;\">\n<li>\n<h1><span style=\"font-size: 14pt;\">Leistung: 100 Watt (RX-100) oder 50 Watt (RX-50)<\/span><\/h1>\n<\/li>\n<li>\n<h1><span style=\"font-size: 14pt;\">2&#215;12&#8243; WGS Retro 30 Lautsprecher mit insgesamt 150 Watt<\/span><\/h1>\n<\/li>\n<li>\n<h1><span style=\"font-size: 14pt;\">3 Kan\u00e4le f\u00fcr Clean, Overdrive und Lead<\/span><\/h1>\n<\/li>\n<li>\n<h1><span style=\"font-size: 14pt;\">Zus\u00e4tzliche Soundvarianten jeweils pro Kanal programmierbar<\/span><\/h1>\n<\/li>\n<li>\n<h1><span style=\"font-size: 14pt;\">Besonders effektive Klangregelung mit Tiefen-, Mitten- und H\u00f6henreglung jeweils pro Kanal<\/span><\/h1>\n<\/li>\n<li>\n<h1><span style=\"font-size: 14pt;\">R\u00f6hrengepufferter, paralleler FX-Loop mit Mix-Regler, schaltbar und einzeln pro Kanal programmierbar<\/span><\/h1>\n<\/li>\n<li>\n<h1><span style=\"font-size: 14pt;\">Noisegate mit stufenlos einstellbarem Threshold separat f\u00fcr jeden Kanal programmierbar<\/span><\/h1>\n<\/li>\n<li>\n<h1><span style=\"font-size: 14pt;\">B\u00fchnentaugliches Stimmger\u00e4t<\/span><\/h1>\n<\/li>\n<li>\n<h1><span style=\"font-size: 14pt;\">Metronom mit optischem und akustischem Taktgeber<\/span><\/h1>\n<\/li>\n<li>\n<h1><span style=\"font-size: 14pt;\">\u00dcberwachung der Endstufenr\u00f6hren mit Alarmfunktion<\/span><\/h1>\n<\/li>\n<li>\n<h1><span style=\"font-size: 14pt;\">12 Volt Spannungsversorgung am Fu\u00dfschalter f\u00fcr Bodeneffektge\u00e4te bis insgesamt 1000mA<\/span><\/h1>\n<\/li>\n<li>\n<h1><span style=\"font-size: 14pt;\">MIDI-Funktionalit\u00e4t (Option)<\/span><\/h1>\n<\/li>\n<li>\n<h1><span style=\"font-size: 14pt;\">4 KT88 Endstufenr\u00f6hren<\/span><\/h1>\n<\/li>\n<li>\n<h1><span style=\"font-size: 14pt;\">3x ECC83, 1x E83CC und 2x ECC82 Vorstufenr\u00f6hren<\/span><\/h1>\n<\/li>\n<li>\n<h1><span style=\"font-size: 14pt;\">Zus\u00e4tzliche Ausg\u00e4nge f\u00fcr Lautsprecher mit 4, 8 oder 16 Ohm<\/span><\/h1>\n<\/li>\n<li>\n<h1><span style=\"font-size: 14pt;\">Wahlweise 4 moderne Eckgriffe oder 2 klassische Muldengriffe<\/span><\/h1>\n<\/li>\n<li>\n<h1><span style=\"font-size: 14pt;\">Inklusive Fu\u00dfschalter &#8220;SX-1&#8221; mit einer Aufstellfl\u00e4che von nur 155 x 85 mm<\/span><\/h1>\n<\/li>\n<li>\n<h1><span style=\"font-size: 14pt;\">Handverdrahtet, 100% Made in Germany<\/span><\/h1>\n<\/li>\n<li>\n<h1><span style=\"font-size: 14pt;\">Gewicht: 36 Kg<\/span><\/h1>\n<\/li>\n<li>\n<h1><span style=\"font-size: 14pt;\">Ma\u00dfe: 735 x 255 x 560 mm<br \/>\n&nbsp;<\/p>\n<div class=\"epyt-video-wrapper\"><iframe loading=\"lazy\"  id=\"_ytid_17993\"  width=\"710\" height=\"399\"  data-origwidth=\"710\" data-origheight=\"399\" src=\"https:\/\/www.youtube.com\/embed\/cIIOfhaKKCU?enablejsapi=1&#038;autoplay=0&#038;cc_load_policy=0&#038;cc_lang_pref=&#038;iv_load_policy=1&#038;loop=0&#038;modestbranding=0&#038;rel=0&#038;fs=1&#038;playsinline=0&#038;autohide=2&#038;theme=dark&#038;color=red&#038;controls=1&#038;\" class=\"__youtube_prefs__  epyt-is-override  no-lazyload\" title=\"YouTube player\"  allow=\"accelerometer; autoplay; clipboard-write; encrypted-media; gyroscope; picture-in-picture\" allowfullscreen data-no-lazy=\"1\" data-skipgform_ajax_framebjll=\"\"><\/iframe><\/div>\n<p>&nbsp;<\/p>\n<div class=\"epyt-video-wrapper\"><iframe loading=\"lazy\"  id=\"_ytid_83059\"  width=\"710\" height=\"399\"  data-origwidth=\"710\" data-origheight=\"399\" src=\"https:\/\/www.youtube.com\/embed\/U2J8zvkgK_w?enablejsapi=1&#038;autoplay=0&#038;cc_load_policy=0&#038;cc_lang_pref=&#038;iv_load_policy=1&#038;loop=0&#038;modestbranding=0&#038;rel=0&#038;fs=1&#038;playsinline=0&#038;autohide=2&#038;theme=dark&#038;color=red&#038;controls=1&#038;\" class=\"__youtube_prefs__  epyt-is-override  no-lazyload\" title=\"YouTube player\"  allow=\"accelerometer; autoplay; clipboard-write; encrypted-media; gyroscope; picture-in-picture\" allowfullscreen data-no-lazy=\"1\" data-skipgform_ajax_framebjll=\"\"><\/iframe><\/div>\n<p>&nbsp;<\/span><\/h1>\n<p>&nbsp;<\/p>\n<p>&nbsp;<\/li>\n<\/ul>\n<\/li>\n<\/ul>\n","protected":false},"excerpt":{"rendered":"<p>RX-100 \/ RX-50 Combo Vollr\u00f6hren-Combo Die RX-Vollr\u00f6hren-Combos vereinen die Analogtechnik der fr\u00fchen 60er Jahre mit den komfortablen Bedienm\u00f6glichkeiten moderner Digitaltechnik. Die Signalf\u00fchrung erfolgt ausschlie\u00dflich in handverdrahteter R\u00f6hrentechnik alter Schule.&nbsp; Die drei v\u00f6llig separaten Kan\u00e4le bieten Dir Sounds von absolut clean<\/p>\n","protected":false},"author":1,"featured_media":0,"parent":0,"menu_order":0,"comment_status":"closed","ping_status":"closed","template":"","meta":{"_mi_skip_tracking":false,"ngg_post_thumbnail":0},"yst_prominent_words":[],"translation":{"provider":"WPGlobus","version":"2.10.10","language":"gb","enabled_languages":["de","gb"],"languages":{"de":{"title":true,"content":true,"excerpt":false},"gb":{"title":false,"content":false,"excerpt":false}}},"_links":{"self":[{"href":"https:\/\/rennsau-amps.de\/gb\/wp-json\/wp\/v2\/pages\/2797"}],"collection":[{"href":"https:\/\/rennsau-amps.de\/gb\/wp-json\/wp\/v2\/pages"}],"about":[{"href":"https:\/\/rennsau-amps.de\/gb\/wp-json\/wp\/v2\/types\/page"}],"author":[{"embeddable":true,"href":"https:\/\/rennsau-amps.de\/gb\/wp-json\/wp\/v2\/users\/1"}],"replies":[{"embeddable":true,"href":"https:\/\/rennsau-amps.de\/gb\/wp-json\/wp\/v2\/comments?post=2797"}],"version-history":[{"count":38,"href":"https:\/\/rennsau-amps.de\/gb\/wp-json\/wp\/v2\/pages\/2797\/revisions"}],"predecessor-version":[{"id":4441,"href":"https:\/\/rennsau-amps.de\/gb\/wp-json\/wp\/v2\/pages\/2797\/revisions\/4441"}],"wp:attachment":[{"href":"https:\/\/rennsau-amps.de\/gb\/wp-json\/wp\/v2\/media?parent=2797"}],"wp:term":[{"taxonomy":"yst_prominent_words","embeddable":true,"href":"https:\/\/rennsau-amps.de\/gb\/wp-json\/wp\/v2\/yst_prominent_words?post=2797"}],"curies":[{"name":"wp","href":"https:\/\/api.w.org\/{rel}","templated":true}]}}