{"id":3699,"date":"2021-05-01T10:24:12","date_gmt":"2021-05-01T08:24:12","guid":{"rendered":"http:\/\/rennsau-amps.de\/?page_id=3699"},"modified":"2021-05-01T16:40:59","modified_gmt":"2021-05-01T14:40:59","slug":"wie-bestelle-ich-einen-rennsau-amp","status":"publish","type":"page","link":"https:\/\/rennsau-amps.de\/gb\/wie-bestelle-ich-einen-rennsau-amp\/","title":{"rendered":"Wie bestelle ich einen RENNSAU Amp ?"},"content":{"rendered":"<p>&nbsp;<\/p>\n<p><span style=\"font-size: 14pt;\"><strong><em>Wir liefern nicht irgendeinen, sondern Deinen Amp!<\/em><br \/>\n<\/strong><br \/>\nJeder Verst\u00e4rker aus unserem Hause ist ein Unikat, welches direkt an Deine W\u00fcnsche und Bed\u00fcrfnisse angepasst wird. Eine umfassende Beratung vor der Bestellung ist also unabdingbar. Wir wollen gemeinsam mit Dir herausfinden, welches Modell am besten zu Dir passt, nach welchem Sound Du suchst und wie Dein Amp sp\u00e4ter aussehen soll. <\/span><\/p>\n<p><span style=\"font-size: 14pt;\">Hier sind wir f\u00fcr Dich erreichbar:<\/span><\/p>\n<p>&nbsp;<\/p>\n<p>&nbsp; &nbsp;<a href=\"Tel:+491736746613\"><img decoding=\"async\" loading=\"lazy\" class=\"alignnone wp-image-3795\" src=\"https:\/\/rennsau-amps.de\/wp-content\/uploads\/2021\/05\/Telefoan-1-300x300.jpg\" alt=\"\" width=\"40\" height=\"40\" srcset=\"https:\/\/rennsau-amps.de\/wp-content\/uploads\/2021\/05\/Telefoan-1-300x300.jpg 300w, https:\/\/rennsau-amps.de\/wp-content\/uploads\/2021\/05\/Telefoan-1-150x150.jpg 150w, https:\/\/rennsau-amps.de\/wp-content\/uploads\/2021\/05\/Telefoan-1-768x768.jpg 768w, https:\/\/rennsau-amps.de\/wp-content\/uploads\/2021\/05\/Telefoan-1-700x700.jpg 700w, https:\/\/rennsau-amps.de\/wp-content\/uploads\/2021\/05\/Telefoan-1-230x230.jpg 230w, https:\/\/rennsau-amps.de\/wp-content\/uploads\/2021\/05\/Telefoan-1-330x330.jpg 330w, https:\/\/rennsau-amps.de\/wp-content\/uploads\/2021\/05\/Telefoan-1.jpg 1400w\" sizes=\"(max-width: 40px) 100vw, 40px\" \/><\/a>&nbsp; &nbsp; &nbsp; &nbsp; &nbsp; &nbsp; &nbsp; &nbsp; &nbsp;<a href=\"mailto:ben@rennsau-amps.de\"><img decoding=\"async\" loading=\"lazy\" class=\"alignnone wp-image-3796\" src=\"https:\/\/rennsau-amps.de\/wp-content\/uploads\/2021\/05\/png-transparent-computer-icons-email-symbol-email-miscellaneous-cdr-angle-thumbnail-1-300x255.png\" alt=\"\" width=\"40\" height=\"34\" srcset=\"https:\/\/rennsau-amps.de\/wp-content\/uploads\/2021\/05\/png-transparent-computer-icons-email-symbol-email-miscellaneous-cdr-angle-thumbnail-1-300x255.png 300w, https:\/\/rennsau-amps.de\/wp-content\/uploads\/2021\/05\/png-transparent-computer-icons-email-symbol-email-miscellaneous-cdr-angle-thumbnail-1.png 424w\" sizes=\"(max-width: 40px) 100vw, 40px\" \/><\/a>&nbsp; &nbsp; &nbsp; &nbsp; &nbsp; &nbsp; &nbsp; &nbsp; &nbsp;&nbsp;<a href=\"https:\/\/rennsau-amps.de\/kontakt\/\"><img decoding=\"async\" loading=\"lazy\" class=\"alignnone wp-image-3797\" src=\"https:\/\/rennsau-amps.de\/wp-content\/uploads\/2021\/05\/kontakt-formular-300x300.png\" alt=\"\" width=\"40\" height=\"40\" srcset=\"https:\/\/rennsau-amps.de\/wp-content\/uploads\/2021\/05\/kontakt-formular-300x300.png 300w, https:\/\/rennsau-amps.de\/wp-content\/uploads\/2021\/05\/kontakt-formular-150x150.png 150w, https:\/\/rennsau-amps.de\/wp-content\/uploads\/2021\/05\/kontakt-formular-230x230.png 230w, https:\/\/rennsau-amps.de\/wp-content\/uploads\/2021\/05\/kontakt-formular-330x330.png 330w, https:\/\/rennsau-amps.de\/wp-content\/uploads\/2021\/05\/kontakt-formular.png 512w\" sizes=\"(max-width: 40px) 100vw, 40px\" \/><\/a><\/p>\n<p>&nbsp; &nbsp;<a href=\"https:\/\/wa.me\/+491736746613\" target=\"_blank\" rel=\"noopener\"><img decoding=\"async\" loading=\"lazy\" class=\"alignnone wp-image-3733\" src=\"https:\/\/rennsau-amps.de\/wp-content\/uploads\/2021\/05\/600x600wa-150x150.png\" alt=\"\" width=\"40\" height=\"40\" srcset=\"https:\/\/rennsau-amps.de\/wp-content\/uploads\/2021\/05\/600x600wa-150x150.png 150w, https:\/\/rennsau-amps.de\/wp-content\/uploads\/2021\/05\/600x600wa.png 214w\" sizes=\"(max-width: 40px) 100vw, 40px\" \/><\/a>&nbsp; &nbsp; &nbsp; &nbsp; &nbsp; &nbsp; &nbsp; &nbsp; &nbsp;<a href=\"https:\/\/www.instagram.com\/rennsau_amplification\/\" target=\"_blank\" rel=\"noopener\"><img decoding=\"async\" loading=\"lazy\" class=\"wp-image-3737 alignnone\" src=\"https:\/\/rennsau-amps.de\/wp-content\/uploads\/2021\/05\/ig-logo-email-150x150.png\" alt=\"Folge uns auf Instagram!\" width=\"40\" height=\"40\" srcset=\"https:\/\/rennsau-amps.de\/wp-content\/uploads\/2021\/05\/ig-logo-email-150x150.png 150w, https:\/\/rennsau-amps.de\/wp-content\/uploads\/2021\/05\/ig-logo-email-230x230.png 230w, https:\/\/rennsau-amps.de\/wp-content\/uploads\/2021\/05\/ig-logo-email.png 250w\" sizes=\"(max-width: 40px) 100vw, 40px\" \/><\/a>&nbsp; &nbsp; &nbsp; &nbsp;<span style=\"font-size: 10pt;\"> &nbsp;<\/span> &nbsp; &nbsp;<span style=\"font-size: 8pt;\"> &nbsp; <\/span>&nbsp;&nbsp;<a href=\"https:\/\/www.facebook.com\/RENNSAUamplification\/\" target=\"_blank\" rel=\"noopener\"><img decoding=\"async\" loading=\"lazy\" class=\"alignnone wp-image-3738\" src=\"https:\/\/rennsau-amps.de\/wp-content\/uploads\/2021\/05\/facebook-announces-clickable-hashtags-resolution-media-17-150x150.png\" alt=\"Folge uns auf Facebook!\" width=\"38\" height=\"38\" srcset=\"https:\/\/rennsau-amps.de\/wp-content\/uploads\/2021\/05\/facebook-announces-clickable-hashtags-resolution-media-17-150x150.png 150w, https:\/\/rennsau-amps.de\/wp-content\/uploads\/2021\/05\/facebook-announces-clickable-hashtags-resolution-media-17.png 300w, https:\/\/rennsau-amps.de\/wp-content\/uploads\/2021\/05\/facebook-announces-clickable-hashtags-resolution-media-17-230x230.png 230w\" sizes=\"(max-width: 38px) 100vw, 38px\" \/><\/a><\/p>\n<p>&nbsp; &nbsp;&nbsp; &nbsp; &nbsp; &nbsp; &nbsp; &nbsp; &nbsp; &nbsp;<\/p>\n<p>&nbsp;<\/p>\n<p><span style=\"font-size: 14pt;\">Sobald klar ist, welchen Verst\u00e4rker wir f\u00fcr dich bauen d\u00fcrfen, erstellen wir Dir ein unverbindliches Angebot, welches genaue Infos zum Produkt, zur Preisgestaltung und zur Auftragsabwicklung enth\u00e4lt.&nbsp;<br \/>\nWenn du bezugnehmend auf dieses Angebot bestellst, beginnen wir umgehend mit der Fertigung und lassen Dir eine Anzahlungsrechnung zukommen. <\/span><\/p>\n<p><span style=\"font-size: 14pt;\">Auf Wunsch erh\u00e4lst du w\u00e4hrend der Herstellung gelegentlich Bilder vom Fertigungsprozess per WhatsApp und kannst so live verfolgen, wie Dein neuer RENNSAU &#8211; Amp entsteht!<\/span><\/p>\n<p>&nbsp;<\/p>\n","protected":false},"excerpt":{"rendered":"<p>&nbsp; Wir liefern nicht irgendeinen, sondern Deinen Amp! Jeder Verst\u00e4rker aus unserem Hause ist ein Unikat, welches direkt an Deine W\u00fcnsche und Bed\u00fcrfnisse angepasst wird. Eine umfassende Beratung vor der Bestellung ist also unabdingbar. Wir wollen gemeinsam mit Dir herausfinden,<\/p>\n","protected":false},"author":1,"featured_media":0,"parent":0,"menu_order":0,"comment_status":"closed","ping_status":"closed","template":"","meta":{"_mi_skip_tracking":false,"ngg_post_thumbnail":0},"yst_prominent_words":[],"translation":{"provider":"WPGlobus","version":"2.10.10","language":"gb","enabled_languages":["de","gb"],"languages":{"de":{"title":true,"content":true,"excerpt":false},"gb":{"title":false,"content":false,"excerpt":false}}},"_links":{"self":[{"href":"https:\/\/rennsau-amps.de\/gb\/wp-json\/wp\/v2\/pages\/3699"}],"collection":[{"href":"https:\/\/rennsau-amps.de\/gb\/wp-json\/wp\/v2\/pages"}],"about":[{"href":"https:\/\/rennsau-amps.de\/gb\/wp-json\/wp\/v2\/types\/page"}],"author":[{"embeddable":true,"href":"https:\/\/rennsau-amps.de\/gb\/wp-json\/wp\/v2\/users\/1"}],"replies":[{"embeddable":true,"href":"https:\/\/rennsau-amps.de\/gb\/wp-json\/wp\/v2\/comments?post=3699"}],"version-history":[{"count":63,"href":"https:\/\/rennsau-amps.de\/gb\/wp-json\/wp\/v2\/pages\/3699\/revisions"}],"predecessor-version":[{"id":3814,"href":"https:\/\/rennsau-amps.de\/gb\/wp-json\/wp\/v2\/pages\/3699\/revisions\/3814"}],"wp:attachment":[{"href":"https:\/\/rennsau-amps.de\/gb\/wp-json\/wp\/v2\/media?parent=3699"}],"wp:term":[{"taxonomy":"yst_prominent_words","embeddable":true,"href":"https:\/\/rennsau-amps.de\/gb\/wp-json\/wp\/v2\/yst_prominent_words?post=3699"}],"curies":[{"name":"wp","href":"https:\/\/api.w.org\/{rel}","templated":true}]}}