{"id":4021,"date":"2022-05-27T20:35:13","date_gmt":"2022-05-27T18:35:13","guid":{"rendered":"http:\/\/rennsau-amps.de\/?page_id=4021"},"modified":"2023-10-18T20:00:57","modified_gmt":"2023-10-18T18:00:57","slug":"6x-footcontroller","status":"publish","type":"page","link":"https:\/\/rennsau-amps.de\/gb\/6x-footcontroller\/","title":{"rendered":"6x-Footcontroller"},"content":{"rendered":"<p><span style=\"font-size: 36pt;\"><strong>SX-10<\/strong><\/span><span style=\"font-size: 12pt;\"><br \/>\nDigitaler RigController<\/span><\/p>\n<p>\n\n\t<div class='ngg-imagebrowser default-view'\n         id='ngg-imagebrowser-ec6b249767c4493c29e66d12ab0fdf94-4021'\n         data-nextgen-gallery-id=\"ec6b249767c4493c29e66d12ab0fdf94\">\n\n        <h3>ISOlinks<\/h3>\n\n\t\t<div id=\"ngg-image-0\" class=\"pic\" >\n        \n        <a href='https:\/\/rennsau-amps.de\/wp-content\/gallery\/sx-10\/ISOlinks.JPG'\n           title=' '\n           data-src=\"https:\/\/rennsau-amps.de\/wp-content\/gallery\/sx-10\/ISOlinks.JPG\"\n           data-thumbnail=\"https:\/\/rennsau-amps.de\/wp-content\/gallery\/sx-10\/thumbs\/thumbs_ISOlinks.JPG\"\n           data-image-id=\"317\"\n           data-title=\"ISOlinks\"\n           data-description=\" \"\n           class=\"shutterset_ec6b249767c4493c29e66d12ab0fdf94\">\n            <img title='ISOlinks'\n                 alt='ISOlinks'\n                 src='https:\/\/rennsau-amps.de\/wp-content\/gallery\/sx-10\/ISOlinks.JPG'\/>\n        <\/a>\n\t    \n        <\/div> \n\n        <div class='ngg-imagebrowser-nav'>\n\n            <div class='back'>\n                <a class='ngg-browser-prev'\n                   id='ngg-prev-316'\n                   href='https:\/\/rennsau-amps.de\/gb\/6x-footcontroller\/nggallery\/image\/unten\/'>\n                    <i class=\"fa fa-chevron-left\" aria-hidden=\"true\"><\/i>\n                <\/a>\n            <\/div>\n\n            <div class='next'>\n                <a class='ngg-browser-next'\n                   id='ngg-next-315'\n                   href='https:\/\/rennsau-amps.de\/gb\/6x-footcontroller\/nggallery\/image\/frontal-1\/'>\n                    <i class=\"fa fa-chevron-right\" aria-hidden=\"true\"><\/i>\n                <\/a>\n            <\/div>\n\n            <div class='counter'>\n                Image                1                of                7            <\/div>\n\n            <div class='ngg-imagebrowser-desc'>\n                <p> <\/p>\n            <\/div>\n\n        <\/div>\n    <\/div>\n\n<span style=\"font-size: 14pt;\">Der SX-10 Foot-Controller revolutioniert den Umgang mit analoger R\u00f6hrentechnik und vereint diese mit modernster, digitaler Steuertechnik.&nbsp;<\/span><span style=\"font-size: 14pt;\">Mehr Innovation geht nicht.<\/span><\/p>\n<p><span style=\"font-size: 14pt;\">Der SX-10 bietet Dir nicht nur alle Funktionen, die du auch von gew\u00f6hnlichen Amp- Fu\u00dfschaltern kennst. Zus\u00e4tzlich liefert er eine Vielzahl an cleveren Features, die Dir das Musikerleben erleichtern sollen. Die Besonderheit liegt hierbei in der Tatsache, dass das Gitarrensignal komplett in analoger Form erhalten bleibt und zu keinem Zeitpunkt digitalisiert wird. Weder im SX-10, noch im angeschlossenen Amp. Alle klangformenden Komponenten sind in klassischer Analogtechnik in detailverliebter Handarbeit aufgebaut.<br \/>\nDas von uns patentierte TOUR-LOC \u2013 System minimiert den Verkabelungsaufwand massiv. Der gesamte Signal- und Informationsaustausch zwischen Verst\u00e4rker, SX-10 und deinem Effektboard l\u00e4uft damit einzig \u00fcber eine Schnittstelle.<br \/>\n<\/span><\/p>\n<p><span style=\"font-size: 14pt;\">Wie all unsere Produkte ist der SX-10 Handgefertigt und<br \/>\n100% Made in Germany.<\/span><\/p>\n<p><span style=\"font-size: 14pt;\">Du hast Fragen oder suchst zus\u00e4tzliche Infos? Dann freuen wir uns \u00fcber deinen Anruf oder deine Mail! Den Kontakt zu uns gibts <a style=\"color: #ff9900;\" href=\"https:\/\/rennsau-amps.de\/wie-bestelle-ich-einen-rennsau-amp\/\">hier!<\/a><\/span><\/p>\n<p>&nbsp;<br \/>\n<span style=\"font-size: 22pt;\">HIGHLIGHTS<\/span><\/p>\n<ul style=\"list-style-type: square;\">\n<li>\n<h1><span style=\"font-size: 14pt;\">5\u201c &#8211; Touchscreen<\/span><\/h1>\n<\/li>\n<li>\n<h1><span style=\"font-size: 14pt;\">6 massive und frei programmierbare Preset-Fu\u00dfschalter<\/span><\/h1>\n<\/li>\n<li>\n<h1><span style=\"font-size: 14pt;\">3 Speicherba\u0308nke, also insgesamt 18 programmierbare Presets<\/span><\/h1>\n<\/li>\n<li>\n<h1><span style=\"font-size: 14pt;\">5X 9 und 12 Volt Spannungsversorgung fu\u0308r deine Effekte<\/span><\/h1>\n<\/li>\n<li>\n<h1><span style=\"font-size: 14pt;\">Steuerung von Versta\u0308rkereinstellungen wie Kanalumschaltung, Klangvarianten, Hochspannung ein\/aus, Noisegate, etc.<\/span><\/h1>\n<\/li>\n<li>\n<h1><span style=\"font-size: 14pt;\">Integrierter Linearbooster von 0 bis 20 dB jeweils pro Preset programmierbar<\/span><\/h1>\n<\/li>\n<li>\n<h1><span style=\"font-size: 14pt;\">Chromatisches Stimmgera\u0308t mit +\/- 10 Hz Frequenzanpassung<\/span><\/h1>\n<\/li>\n<li>\n<h1><span style=\"font-size: 14pt;\">Voll integrierter Attack-Equalizer fu\u0308r einzigartige Clean-Sounds.<\/span><\/h1>\n<\/li>\n<li>\n<h1><span style=\"font-size: 14pt;\">Analoges T.S.-Pedal (T-SCRM) mit Gain-, Volume- und Tone-Reglern<\/span><\/h1>\n<\/li>\n<li>\n<h1><span style=\"font-size: 14pt;\">Verst\u00e4rker-Gesamtlautsta\u0308rke jeweils pro Preset programmierbar<\/span><\/h1>\n<\/li>\n<li>\n<h1><span style=\"font-size: 14pt;\">U\u0308berwachung der Endstufenro\u0308hren mit Alarmfunktion<\/span><\/h1>\n<\/li>\n<li>\n<h1><span style=\"font-size: 14pt;\">Voll programmierbarer Drum-Computer mit Real-Sound-Emulation (Option!)<\/span><\/h1>\n<\/li>\n<li>\n<h1><span style=\"font-size: 14pt;\">Gitarreneingang<\/span><\/h1>\n<\/li>\n<li>\n<h1><span style=\"font-size: 14pt;\">FX-Loop \u201ePre\u201c fu\u0308r Effekte, die vor dem Versta\u0308rker eingeschleift werden sollen<\/span><\/h1>\n<\/li>\n<li>\n<h1><span style=\"font-size: 14pt;\">FX-Loop \u201eSerial\u201c fu\u0308r Effekte, die zwischen Vor- und Endstufe eingeschleift werden sollen<\/span><\/h1>\n<\/li>\n<li>\n<h1><span style=\"font-size: 14pt;\">FX-Loop \u201eParallel\u201c fu\u0308r Effekte, die zwischen Vor- und Endstufe eingeschleift werden sollen und nur prozentual zum Original-Signal zugemischt werden.<\/span><\/h1>\n<\/li>\n<li>\n<h1><span style=\"font-size: 14pt;\">Gewicht: 0,5 Kg<\/span><\/h1>\n<\/li>\n<li>\n<h1><span style=\"font-size: 14pt;\">Ma\u00dfe: 360 x 140 x 55 mm<\/span><\/h1>\n<\/li>\n<\/ul>\n","protected":false},"excerpt":{"rendered":"<p>SX-10 Digitaler RigController Der SX-10 Foot-Controller revolutioniert den Umgang mit analoger R\u00f6hrentechnik und vereint diese mit modernster, digitaler Steuertechnik.&nbsp;Mehr Innovation geht nicht. Der SX-10 bietet Dir nicht nur alle Funktionen, die du auch von gew\u00f6hnlichen Amp- Fu\u00dfschaltern kennst. Zus\u00e4tzlich liefert<\/p>\n","protected":false},"author":1,"featured_media":0,"parent":0,"menu_order":0,"comment_status":"closed","ping_status":"closed","template":"","meta":{"_mi_skip_tracking":false,"ngg_post_thumbnail":0},"yst_prominent_words":[],"translation":{"provider":"WPGlobus","version":"2.10.10","language":"gb","enabled_languages":["de","gb"],"languages":{"de":{"title":true,"content":true,"excerpt":false},"gb":{"title":false,"content":false,"excerpt":false}}},"_links":{"self":[{"href":"https:\/\/rennsau-amps.de\/gb\/wp-json\/wp\/v2\/pages\/4021"}],"collection":[{"href":"https:\/\/rennsau-amps.de\/gb\/wp-json\/wp\/v2\/pages"}],"about":[{"href":"https:\/\/rennsau-amps.de\/gb\/wp-json\/wp\/v2\/types\/page"}],"author":[{"embeddable":true,"href":"https:\/\/rennsau-amps.de\/gb\/wp-json\/wp\/v2\/users\/1"}],"replies":[{"embeddable":true,"href":"https:\/\/rennsau-amps.de\/gb\/wp-json\/wp\/v2\/comments?post=4021"}],"version-history":[{"count":45,"href":"https:\/\/rennsau-amps.de\/gb\/wp-json\/wp\/v2\/pages\/4021\/revisions"}],"predecessor-version":[{"id":4979,"href":"https:\/\/rennsau-amps.de\/gb\/wp-json\/wp\/v2\/pages\/4021\/revisions\/4979"}],"wp:attachment":[{"href":"https:\/\/rennsau-amps.de\/gb\/wp-json\/wp\/v2\/media?parent=4021"}],"wp:term":[{"taxonomy":"yst_prominent_words","embeddable":true,"href":"https:\/\/rennsau-amps.de\/gb\/wp-json\/wp\/v2\/yst_prominent_words?post=4021"}],"curies":[{"name":"wp","href":"https:\/\/api.w.org\/{rel}","templated":true}]}}