{"id":4318,"date":"2022-09-14T17:42:52","date_gmt":"2022-09-14T15:42:52","guid":{"rendered":"http:\/\/rennsau-amps.de\/?page_id=4318"},"modified":"2023-10-26T13:22:54","modified_gmt":"2023-10-26T11:22:54","slug":"rx-home","status":"publish","type":"page","link":"https:\/\/rennsau-amps.de\/gb\/rx-home\/","title":{"rendered":"RX-Home"},"content":{"rendered":"<p><span style=\"font-size: 36pt;\"><strong>RX-Home<\/strong><\/span><span style=\"font-size: 12pt;\"><br \/>\nVollr\u00f6hren-Combo<\/span><\/p>\n<p>\n\n\t<div class='ngg-imagebrowser default-view'\n         id='ngg-imagebrowser-0a07de0736bfe097dfdc8c9aee82bc6b-4318'\n         data-nextgen-gallery-id=\"0a07de0736bfe097dfdc8c9aee82bc6b\">\n\n        <h3>rennsau_rx-home_vro<\/h3>\n\n\t\t<div id=\"ngg-image-0\" class=\"pic\" >\n        \n        <a href='https:\/\/rennsau-amps.de\/wp-content\/gallery\/rx-home\/rennsau_rx-home_vro.JPG'\n           title=' '\n           data-src=\"https:\/\/rennsau-amps.de\/wp-content\/gallery\/rx-home\/rennsau_rx-home_vro.JPG\"\n           data-thumbnail=\"https:\/\/rennsau-amps.de\/wp-content\/gallery\/rx-home\/thumbs\/thumbs_rennsau_rx-home_vro.JPG\"\n           data-image-id=\"331\"\n           data-title=\"rennsau_rx-home_vro\"\n           data-description=\" \"\n           class=\"shutterset_0a07de0736bfe097dfdc8c9aee82bc6b\">\n            <img title='rennsau_rx-home_vro'\n                 alt='rennsau_rx-home_vro'\n                 src='https:\/\/rennsau-amps.de\/wp-content\/gallery\/rx-home\/rennsau_rx-home_vro.JPG'\/>\n        <\/a>\n\t    \n        <\/div> \n\n        <div class='ngg-imagebrowser-nav'>\n\n            <div class='back'>\n                <a class='ngg-browser-prev'\n                   id='ngg-prev-333'\n                   href='https:\/\/rennsau-amps.de\/gb\/rx-home\/nggallery\/image\/rennsau_rx-home_vru\/'>\n                    <i class=\"fa fa-chevron-left\" aria-hidden=\"true\"><\/i>\n                <\/a>\n            <\/div>\n\n            <div class='next'>\n                <a class='ngg-browser-next'\n                   id='ngg-next-324'\n                   href='https:\/\/rennsau-amps.de\/gb\/rx-home\/nggallery\/image\/rennsau_rx-home_frtl\/'>\n                    <i class=\"fa fa-chevron-right\" aria-hidden=\"true\"><\/i>\n                <\/a>\n            <\/div>\n\n            <div class='counter'>\n                Image                1                of                10            <\/div>\n\n            <div class='ngg-imagebrowser-desc'>\n                <p> <\/p>\n            <\/div>\n\n        <\/div>\n    <\/div>\n\n<span style=\"font-size: 14pt;\">Der RX-Home ist Dein Universalwerkzeug f\u00fcr Zuhause, den Proberaum oder die gro\u00dfe B\u00fchne!<\/span><\/p>\n<p><span style=\"font-size: 14pt;\">F\u00fcr den Einsatz bei moderaten Lautst\u00e4rken hat der RX-Home-Vollr\u00f6hrencombo zwei 8&#8243;-Chassis an Board, welche schon bei niedrigen Pegeln eine angenehme Kompression und au\u00dferordentliche Klangdichte liefern. Wird Leistung gefordert, so kann die 50 Watt-Vollr\u00f6hrenendstufe spielend auch gro\u00dfe Cabinets mit 4&#215;12&#8243; befeuern und liefert bei hohen Lautst\u00e4rken dank der zwei KT88-Endstufenr\u00f6hren immer den n\u00f6tigen Punch.<\/span><\/p>\n<p><span style=\"font-size: 14pt;\">Die Herstellung erfolgt stets im Kundenauftrag, wodurch alle vorstellbaren Farbgebungen problemlos umgesetzt werden k\u00f6nnen! So macht der RX-Home dank seiner kompakten Abmessungen und dem beeindruckenden Design in jedem Wohnzimmer eine gute Figur.<\/span><\/p>\n<p><span style=\"font-size: 14pt;\">Geht es auf die B\u00fchne, so sieht man dem RX-Home in Zusammenspiel mit einem externen Lautsprecher kaum noch an, dass es sich eigentlich um einen Combo-Amp handelt. Vielmehr hat man den Eindruck, ein m\u00e4chtiges Topteil kr\u00f6nt das Stack, so wie es in den sp\u00e4ten 60s en vogue war.<\/span><\/p>\n<p><span style=\"font-size: 14pt;\">Klanglich ist der RX-Home ein echter Allrounder, der dank seiner drei v\u00f6llig getrennten Kan\u00e4le mit zus\u00e4tzlichen Soundvarianten so ziemlich jedes Genre bravour\u00f6s bedient. Das analog arbeitende Noisegate verrichtet seinen Dienst z\u00fcgig und ohne aufgezwungen zu wirken. Die Besonderheit ist hierbei, dass sich der Treshold f\u00fcr jeden Kanal einzeln einstellen l\u00e4sst.<\/span><\/p>\n<p>\n\n\t<div class='ngg-imagebrowser default-view'\n         id='ngg-imagebrowser-71e25519ffba5989340f8af3a36af27f-4318'\n         data-nextgen-gallery-id=\"71e25519ffba5989340f8af3a36af27f\">\n\n        <h3>Detail<\/h3>\n\n\t\t<div id=\"ngg-image-0\" class=\"pic\" >\n        \n        <a href='https:\/\/rennsau-amps.de\/wp-content\/gallery\/sx-1\/Detail.JPG'\n           title=' '\n           data-src=\"https:\/\/rennsau-amps.de\/wp-content\/gallery\/sx-1\/Detail.JPG\"\n           data-thumbnail=\"https:\/\/rennsau-amps.de\/wp-content\/gallery\/sx-1\/thumbs\/thumbs_Detail.JPG\"\n           data-image-id=\"312\"\n           data-title=\"Detail\"\n           data-description=\" \"\n           class=\"shutterset_71e25519ffba5989340f8af3a36af27f\">\n            <img title='Detail'\n                 alt='Detail'\n                 src='https:\/\/rennsau-amps.de\/wp-content\/gallery\/sx-1\/Detail.JPG'\/>\n        <\/a>\n\t    \n        <\/div> \n\n        <div class='ngg-imagebrowser-nav'>\n\n            <div class='back'>\n                <a class='ngg-browser-prev'\n                   id='ngg-prev-316'\n                   href='https:\/\/rennsau-amps.de\/gb\/rx-home\/nggallery\/image\/unten\/'>\n                    <i class=\"fa fa-chevron-left\" aria-hidden=\"true\"><\/i>\n                <\/a>\n            <\/div>\n\n            <div class='next'>\n                <a class='ngg-browser-next'\n                   id='ngg-next-313'\n                   href='https:\/\/rennsau-amps.de\/gb\/rx-home\/nggallery\/image\/hinten-1\/'>\n                    <i class=\"fa fa-chevron-right\" aria-hidden=\"true\"><\/i>\n                <\/a>\n            <\/div>\n\n            <div class='counter'>\n                Image                1                of                10            <\/div>\n\n            <div class='ngg-imagebrowser-desc'>\n                <p> <\/p>\n            <\/div>\n\n        <\/div>\n    <\/div>\n\n<span style=\"font-size: 14pt;\">Gesteuert wird der RX-Home \u00fcber unsere patentierten Bedienplattformen SX-1 oder SX-10.<br \/>\n<span style=\"font-size: 14pt;\">Diese beinhalten neben dem b\u00fchnentauglichen Stimmger\u00e4t auch Analogbooster, Overdriveeffekte und einzigartige M\u00f6glichkeiten im Bereich des Signalroutings. Des weiteren liefern Sie 9-Volt-Gleichspannung direkt auf Dein Effektboard, wodurch die Stromversorgung sowie l\u00e4stiger Kabelsalat f\u00fcr immer der Vergangenheit angeh\u00f6ren. <\/span><\/span><\/p>\n<p><span style=\"font-size: 14pt;\">Wie all unsere Produkte ist der RX-Home Handverdrahtet und 100% Made in Germany.<\/span><\/p>\n<ul style=\"list-style-type: square;\">\n<li style=\"list-style-type: none;\">\n<ul style=\"list-style-type: square;\">\n<li>\n<h1><span style=\"font-size: 14pt;\">Leistung: 50 Watt<\/span><\/h1>\n<\/li>\n<li>\n<h1><span style=\"font-size: 14pt;\">2x 8&#8243; Celestion Eight15-Chassis mit insgesamt 40 Watt<\/span><\/h1>\n<\/li>\n<li>\n<h1><span style=\"font-size: 14pt;\">3 Kan\u00e4le f\u00fcr Clean, Overdrive und Lead<\/span><\/h1>\n<\/li>\n<li>\n<h1><span style=\"font-size: 14pt;\">Zus\u00e4tzliche Soundvarianten jeweils pro Kanal programmierbar<\/span><\/h1>\n<\/li>\n<li>\n<h1><span style=\"font-size: 14pt;\">Besonders effektive Klangregelung mit Tiefen-, Mitten- und H\u00f6henreglung jeweils pro Kanal<\/span><\/h1>\n<\/li>\n<li>\n<h1><span style=\"font-size: 14pt;\">R\u00f6hrengepufferter FX-Loop, schaltbar und einzeln pro Kanal programmierbar<\/span><\/h1>\n<\/li>\n<li>\n<h1><span style=\"font-size: 14pt;\">Noisegate mit stufenlos einstellbarem Threshold separat f\u00fcr jeden Kanal programmierbar<\/span><\/h1>\n<\/li>\n<li>\n<h1><span style=\"font-size: 14pt;\">B\u00fchnentaugliches Stimmger\u00e4t<\/span><\/h1>\n<\/li>\n<li>\n<h1><span style=\"font-size: 14pt;\">Metronom mit optischem und akustischem Taktgeber<\/span><\/h1>\n<\/li>\n<li>\n<h1><span style=\"font-size: 14pt;\">\u00dcberwachung der Endstufenr\u00f6hren mit Alarmfunktion<\/span><\/h1>\n<\/li>\n<li>\n<h1><span style=\"font-size: 14pt;\">9 Volt Spannungsversorgung am Fu\u00dfschalter f\u00fcr Bodeneffektge\u00e4te bis insgesamt 1000mA<\/span><\/h1>\n<\/li>\n<li>\n<h1><span style=\"font-size: 14pt;\">2 KT88 Endstufenr\u00f6hren<\/span><\/h1>\n<\/li>\n<li>\n<h1><span style=\"font-size: 14pt;\">5x ECC83 und 1x E83CC Vorstufenr\u00f6hren<\/span><\/h1>\n<\/li>\n<li>\n<h1><span style=\"font-size: 14pt;\">Zus\u00e4tzliche Ausg\u00e4nge f\u00fcr Lautsprecher mit 4, 8 oder 16 Ohm<\/span><\/h1>\n<\/li>\n<li>\n<h1><span style=\"font-size: 14pt;\">Inklusive Fu\u00dfschalter &#8220;SX-1&#8221; mit einer Aufstellfl\u00e4che von nur 155 x 85 mm (Fussschalter SX-10 optional und gegen Aufpreis)<\/span><\/h1>\n<\/li>\n<li>\n<h1><span style=\"font-size: 14pt;\">Handverdrahtet, 100% Made in Germany<\/span><\/h1>\n<\/li>\n<li>\n<h1><span style=\"font-size: 14pt;\">Gewicht: 20 Kg<\/span><\/h1>\n<\/li>\n<li>\n<h1><span style=\"font-size: 14pt;\">Ma\u00dfe: 735 x 255 x 300 mm<\/span><\/h1>\n<p>&nbsp;<\/p>\n<p>&nbsp;<\/li>\n<\/ul>\n<\/li>\n<\/ul>\n<blockquote class=\"instagram-media\" data-instgrm-captioned=\"\" data-instgrm-permalink=\"https:\/\/www.instagram.com\/reel\/CxjSQcJMlYJ\/?utm_source=ig_embed&amp;utm_campaign=loading\" data-instgrm-version=\"14\" style=\" background:#FFF; border:0; border-radius:3px; box-shadow:0 0 1px 0 rgba(0,0,0,0.5),0 1px 10px 0 rgba(0,0,0,0.15); margin: 1px; max-width:540px; min-width:326px; padding:0; width:99.375%; width:-webkit-calc(100% - 2px); width:calc(100% - 2px);\">\n<div style=\"padding:16px;\"> <a href=\"https:\/\/www.instagram.com\/reel\/CxjSQcJMlYJ\/?utm_source=ig_embed&amp;utm_campaign=loading\" style=\" background:#FFFFFF; line-height:0; padding:0 0; text-align:center; text-decoration:none; width:100%;\" target=\"_blank\" rel=\"noopener\"><\/p>\n<div style=\" display: flex; flex-direction: row; align-items: center;\">\n<div style=\"background-color: #F4F4F4; border-radius: 50%; flex-grow: 0; height: 40px; margin-right: 14px; width: 40px;\"><\/div>\n<div style=\"display: flex; flex-direction: column; flex-grow: 1; justify-content: center;\">\n<div style=\" background-color: #F4F4F4; border-radius: 4px; flex-grow: 0; height: 14px; margin-bottom: 6px; width: 100px;\"><\/div>\n<div style=\" background-color: #F4F4F4; border-radius: 4px; flex-grow: 0; height: 14px; width: 60px;\"><\/div>\n<\/div>\n<\/div>\n<div style=\"padding: 19% 0;\"><\/div>\n<div style=\"display:block; height:50px; margin:0 auto 12px; width:50px;\"><svg width=\"50px\" height=\"50px\" viewBox=\"0 0 60 60\" version=\"1.1\" xmlns=\"https:\/\/www.w3.org\/2000\/svg\" xmlns:xlink=\"https:\/\/www.w3.org\/1999\/xlink\"><g stroke=\"none\" stroke-width=\"1\" fill=\"none\" fill-rule=\"evenodd\"><g transform=\"translate(-511.000000, -20.000000)\" fill=\"#000000\"><g><path d=\"M556.869,30.41 C554.814,30.41 553.148,32.076 553.148,34.131 C553.148,36.186 554.814,37.852 556.869,37.852 C558.924,37.852 560.59,36.186 560.59,34.131 C560.59,32.076 558.924,30.41 556.869,30.41 M541,60.657 C535.114,60.657 530.342,55.887 530.342,50 C530.342,44.114 535.114,39.342 541,39.342 C546.887,39.342 551.658,44.114 551.658,50 C551.658,55.887 546.887,60.657 541,60.657 M541,33.886 C532.1,33.886 524.886,41.1 524.886,50 C524.886,58.899 532.1,66.113 541,66.113 C549.9,66.113 557.115,58.899 557.115,50 C557.115,41.1 549.9,33.886 541,33.886 M565.378,62.101 C565.244,65.022 564.756,66.606 564.346,67.663 C563.803,69.06 563.154,70.057 562.106,71.106 C561.058,72.155 560.06,72.803 558.662,73.347 C557.607,73.757 556.021,74.244 553.102,74.378 C549.944,74.521 548.997,74.552 541,74.552 C533.003,74.552 532.056,74.521 528.898,74.378 C525.979,74.244 524.393,73.757 523.338,73.347 C521.94,72.803 520.942,72.155 519.894,71.106 C518.846,70.057 518.197,69.06 517.654,67.663 C517.244,66.606 516.755,65.022 516.623,62.101 C516.479,58.943 516.448,57.996 516.448,50 C516.448,42.003 516.479,41.056 516.623,37.899 C516.755,34.978 517.244,33.391 517.654,32.338 C518.197,30.938 518.846,29.942 519.894,28.894 C520.942,27.846 521.94,27.196 523.338,26.654 C524.393,26.244 525.979,25.756 528.898,25.623 C532.057,25.479 533.004,25.448 541,25.448 C548.997,25.448 549.943,25.479 553.102,25.623 C556.021,25.756 557.607,26.244 558.662,26.654 C560.06,27.196 561.058,27.846 562.106,28.894 C563.154,29.942 563.803,30.938 564.346,32.338 C564.756,33.391 565.244,34.978 565.378,37.899 C565.522,41.056 565.552,42.003 565.552,50 C565.552,57.996 565.522,58.943 565.378,62.101 M570.82,37.631 C570.674,34.438 570.167,32.258 569.425,30.349 C568.659,28.377 567.633,26.702 565.965,25.035 C564.297,23.368 562.623,22.342 560.652,21.575 C558.743,20.834 556.562,20.326 553.369,20.18 C550.169,20.033 549.148,20 541,20 C532.853,20 531.831,20.033 528.631,20.18 C525.438,20.326 523.257,20.834 521.349,21.575 C519.376,22.342 517.703,23.368 516.035,25.035 C514.368,26.702 513.342,28.377 512.574,30.349 C511.834,32.258 511.326,34.438 511.181,37.631 C511.035,40.831 511,41.851 511,50 C511,58.147 511.035,59.17 511.181,62.369 C511.326,65.562 511.834,67.743 512.574,69.651 C513.342,71.625 514.368,73.296 516.035,74.965 C517.703,76.634 519.376,77.658 521.349,78.425 C523.257,79.167 525.438,79.673 528.631,79.82 C531.831,79.965 532.853,80.001 541,80.001 C549.148,80.001 550.169,79.965 553.369,79.82 C556.562,79.673 558.743,79.167 560.652,78.425 C562.623,77.658 564.297,76.634 565.965,74.965 C567.633,73.296 568.659,71.625 569.425,69.651 C570.167,67.743 570.674,65.562 570.82,62.369 C570.966,59.17 571,58.147 571,50 C571,41.851 570.966,40.831 570.82,37.631\"><\/path><\/g><\/g><\/g><\/svg><\/div>\n<div style=\"padding-top: 8px;\">\n<div style=\" color:#3897f0; font-family:Arial,sans-serif; font-size:14px; font-style:normal; font-weight:550; line-height:18px;\">Sieh dir diesen Beitrag auf Instagram an<\/div>\n<\/div>\n<div style=\"padding: 12.5% 0;\"><\/div>\n<div style=\"display: flex; flex-direction: row; margin-bottom: 14px; align-items: center;\">\n<div>\n<div style=\"background-color: #F4F4F4; border-radius: 50%; height: 12.5px; width: 12.5px; transform: translateX(0px) translateY(7px);\"><\/div>\n<div style=\"background-color: #F4F4F4; height: 12.5px; transform: rotate(-45deg) translateX(3px) translateY(1px); width: 12.5px; flex-grow: 0; margin-right: 14px; margin-left: 2px;\"><\/div>\n<div style=\"background-color: #F4F4F4; border-radius: 50%; height: 12.5px; width: 12.5px; transform: translateX(9px) translateY(-18px);\"><\/div>\n<\/div>\n<div style=\"margin-left: 8px;\">\n<div style=\" background-color: #F4F4F4; border-radius: 50%; flex-grow: 0; height: 20px; width: 20px;\"><\/div>\n<div style=\" width: 0; height: 0; border-top: 2px solid transparent; border-left: 6px solid #f4f4f4; border-bottom: 2px solid transparent; transform: translateX(16px) translateY(-4px) rotate(30deg)\"><\/div>\n<\/div>\n<div style=\"margin-left: auto;\">\n<div style=\" width: 0px; border-top: 8px solid #F4F4F4; border-right: 8px solid transparent; transform: translateY(16px);\"><\/div>\n<div style=\" background-color: #F4F4F4; flex-grow: 0; height: 12px; width: 16px; transform: translateY(-4px);\"><\/div>\n<div style=\" width: 0; height: 0; border-top: 8px solid #F4F4F4; border-left: 8px solid transparent; transform: translateY(-4px) translateX(8px);\"><\/div>\n<\/div>\n<\/div>\n<div style=\"display: flex; flex-direction: column; flex-grow: 1; justify-content: center; margin-bottom: 24px;\">\n<div style=\" background-color: #F4F4F4; border-radius: 4px; flex-grow: 0; height: 14px; margin-bottom: 6px; width: 224px;\"><\/div>\n<div style=\" background-color: #F4F4F4; border-radius: 4px; flex-grow: 0; height: 14px; width: 144px;\"><\/div>\n<\/div>\n<p><\/a><a href=\"https:\/\/www.instagram.com\/reel\/CxjSQcJMlYJ\/?utm_source=ig_embed&amp;utm_campaign=loading\" style=\" background:#FFFFFF; line-height:0; padding:0 0; text-align:center; text-decoration:none; width:100%;\" target=\"_blank\" rel=\"noopener\"><\/a><\/p>\n<p style=\" color:#c9c8cd; font-family:Arial,sans-serif; font-size:14px; line-height:17px; margin-bottom:0; margin-top:8px; overflow:hidden; padding:8px 0 7px; text-align:center; text-overflow:ellipsis; white-space:nowrap;\"><a href=\"https:\/\/www.instagram.com\/reel\/CxjSQcJMlYJ\/?utm_source=ig_embed&amp;utm_campaign=loading\" style=\" color:#c9c8cd; font-family:Arial,sans-serif; font-size:14px; font-style:normal; font-weight:normal; line-height:17px; text-decoration:none;\" target=\"_blank\" rel=\"noopener\">Ein Beitrag geteilt von RENNSAU amplification (@rennsau_amplification)<\/a><\/p>\n<\/div>\n<\/blockquote>\n<p><script async=\"\" src=\"\/\/www.instagram.com\/embed.js\"><\/script><\/p>\n","protected":false},"excerpt":{"rendered":"<p>RX-Home Vollr\u00f6hren-Combo Der RX-Home ist Dein Universalwerkzeug f\u00fcr Zuhause, den Proberaum oder die gro\u00dfe B\u00fchne! F\u00fcr den Einsatz bei moderaten Lautst\u00e4rken hat der RX-Home-Vollr\u00f6hrencombo zwei 8&#8243;-Chassis an Board, welche schon bei niedrigen Pegeln eine angenehme Kompression und au\u00dferordentliche Klangdichte liefern.<\/p>\n","protected":false},"author":1,"featured_media":0,"parent":0,"menu_order":0,"comment_status":"closed","ping_status":"closed","template":"","meta":{"_mi_skip_tracking":false,"ngg_post_thumbnail":0},"yst_prominent_words":[],"translation":{"provider":"WPGlobus","version":"2.10.10","language":"gb","enabled_languages":["de","gb"],"languages":{"de":{"title":true,"content":true,"excerpt":false},"gb":{"title":false,"content":false,"excerpt":false}}},"_links":{"self":[{"href":"https:\/\/rennsau-amps.de\/gb\/wp-json\/wp\/v2\/pages\/4318"}],"collection":[{"href":"https:\/\/rennsau-amps.de\/gb\/wp-json\/wp\/v2\/pages"}],"about":[{"href":"https:\/\/rennsau-amps.de\/gb\/wp-json\/wp\/v2\/types\/page"}],"author":[{"embeddable":true,"href":"https:\/\/rennsau-amps.de\/gb\/wp-json\/wp\/v2\/users\/1"}],"replies":[{"embeddable":true,"href":"https:\/\/rennsau-amps.de\/gb\/wp-json\/wp\/v2\/comments?post=4318"}],"version-history":[{"count":23,"href":"https:\/\/rennsau-amps.de\/gb\/wp-json\/wp\/v2\/pages\/4318\/revisions"}],"predecessor-version":[{"id":5009,"href":"https:\/\/rennsau-amps.de\/gb\/wp-json\/wp\/v2\/pages\/4318\/revisions\/5009"}],"wp:attachment":[{"href":"https:\/\/rennsau-amps.de\/gb\/wp-json\/wp\/v2\/media?parent=4318"}],"wp:term":[{"taxonomy":"yst_prominent_words","embeddable":true,"href":"https:\/\/rennsau-amps.de\/gb\/wp-json\/wp\/v2\/yst_prominent_words?post=4318"}],"curies":[{"name":"wp","href":"https:\/\/api.w.org\/{rel}","templated":true}]}}