{"id":4590,"date":"2023-02-21T12:58:08","date_gmt":"2023-02-21T11:58:08","guid":{"rendered":"http:\/\/rennsau-amps.de\/?page_id=4590"},"modified":"2024-02-29T18:43:43","modified_gmt":"2024-02-29T17:43:43","slug":"distortion","status":"publish","type":"page","link":"https:\/\/rennsau-amps.de\/gb\/distortion\/","title":{"rendered":"trunamic DISTORTION"},"content":{"rendered":"<p><span style=\"font-size: 36pt;\"><strong>LD-4 Distortion<\/strong><\/span><span style=\"font-size: 12pt;\"><br \/>\nPremium HardRock Distortion<\/span><\/p>\n<p>\n\n\t<div class='ngg-imagebrowser default-view'\n         id='ngg-imagebrowser-42113f9d139a5f9cf0b6e37578ca5723-4590'\n         data-nextgen-gallery-id=\"42113f9d139a5f9cf0b6e37578ca5723\">\n\n        <h3>iso_VR<\/h3>\n\n\t\t<div id=\"ngg-image-0\" class=\"pic\" >\n        \n        <a href='https:\/\/rennsau-amps.de\/wp-content\/gallery\/ld-4_distortion\/iso_VR.JPG'\n           title=' '\n           data-src=\"https:\/\/rennsau-amps.de\/wp-content\/gallery\/ld-4_distortion\/iso_VR.JPG\"\n           data-thumbnail=\"https:\/\/rennsau-amps.de\/wp-content\/gallery\/ld-4_distortion\/thumbs\/thumbs_iso_VR.JPG\"\n           data-image-id=\"398\"\n           data-title=\"iso_VR\"\n           data-description=\" \"\n           class=\"shutterset_42113f9d139a5f9cf0b6e37578ca5723\">\n            <img title='iso_VR'\n                 alt='iso_VR'\n                 src='https:\/\/rennsau-amps.de\/wp-content\/gallery\/ld-4_distortion\/iso_VR.JPG'\/>\n        <\/a>\n\t    \n        <\/div> \n\n        <div class='ngg-imagebrowser-nav'>\n\n            <div class='back'>\n                <a class='ngg-browser-prev'\n                   id='ngg-prev-397'\n                   href='https:\/\/rennsau-amps.de\/gb\/distortion\/nggallery\/image\/detail-2\/'>\n                    <i class=\"fa fa-chevron-left\" aria-hidden=\"true\"><\/i>\n                <\/a>\n            <\/div>\n\n            <div class='next'>\n                <a class='ngg-browser-next'\n                   id='ngg-next-401'\n                   href='https:\/\/rennsau-amps.de\/gb\/distortion\/nggallery\/image\/top\/'>\n                    <i class=\"fa fa-chevron-right\" aria-hidden=\"true\"><\/i>\n                <\/a>\n            <\/div>\n\n            <div class='counter'>\n                Image                1                of                8            <\/div>\n\n            <div class='ngg-imagebrowser-desc'>\n                <p> <\/p>\n            <\/div>\n\n        <\/div>\n    <\/div>\n\n<span style=\"font-size: 14pt;\">Unser LD-4 trunamicDISTORTION Pedal liefert -wie der Name schon sagt- Verzerrung der h\u00e4rtesten Gangart. Der Sound orientiert sich an legend\u00e4ren HardRock-Alben aus den 80s, bietet also eine&nbsp; m\u00e4chtige Wall of Sound mit reichlich Tiefgang und angenehmen Obert\u00f6nen.&nbsp;<\/span><\/p>\n<p><span style=\"font-size: 14pt;\">Trotz der massiven Zerre bleibt extrem viel vom Eingangssignal erhalten, der LD-4 ist ehrlich und zwingt den Gitarristen zu sauberem Spiel. Wer dies beherrscht, wird mit au\u00dfergew\u00f6hnlicher Klarheit und Transparenz belohnt!<\/span><\/p>\n<p><span style=\"font-size: 14pt;\">Praktischerweise findet sich diese smarte Schaltung in einem massiven und zugleich leichtem Aluminiumblech-Geh\u00e4use wieder. Die Platine ist vollvergossen und somit absolut unempfindlich gegen Staub und Feuchtigkeit.<\/span><\/p>\n<p><span style=\"font-size: 14pt;\">Die High-End-OpAmps mit SoundPlus-Technologie sind folglich gegen (fast) alle \u00e4u\u00dferen Einfl\u00fcsse optimal gesch\u00fctzt und versprechen treue Dienste \u00fcber Jahrzehnte hinweg.&nbsp;<\/span><\/p>\n<p>&nbsp;<\/p>\n<p><span style=\"font-size: 14pt;\">Wie all unsere Produkte ist der LD-4 handgefertigt und 100% Made in Germany.<\/span><\/p>\n<p>&nbsp;<\/p>\n<p>&nbsp;<\/p>\n<ul style=\"list-style-type: square;\">\n<li style=\"list-style-type: none;\">\n<ul style=\"list-style-type: square;\">\n<li>\n<h1><span style=\"font-size: 14pt;\">Vollst\u00e4ndig analoger Aufbau<\/span><\/h1>\n<\/li>\n<li>\n<h1><span style=\"font-size: 14pt;\">SoundPlus\/BurrBrown-OpAmps f\u00fcr beste Aufl\u00f6sung und wenig Grundrauschen<\/span><\/h1>\n<\/li>\n<li>\n<h1><span style=\"font-size: 14pt;\">6,3 mm &#8211; Neutrik &#8211; Klinkenbuchsen, seitlich f\u00fcr besonders kurze Signalwege<\/span><\/h1>\n<\/li>\n<li>\n<h1><span style=\"font-size: 14pt;\">Regler f\u00fcr Gain, Tonregelung und Pegel<\/span><\/h1>\n<\/li>\n<li>\n<h1><span style=\"font-size: 14pt;\">True-Bypass mit massivem Fu\u00dfschalter<\/span><\/h1>\n<\/li>\n<li>\n<h1><span style=\"font-size: 14pt;\">Status-LED im Switch integriert<\/span><\/h1>\n<\/li>\n<li>\n<h1><span style=\"font-size: 14pt;\">Massives Alugeh\u00e4use in Leichtbauweise<\/span><\/h1>\n<\/li>\n<li>\n<h1><span style=\"font-size: 14pt;\">Stromversorgung \u00fcber 9 V DC Netzteil (2,1 x 5,5 Hohlstecker, (-)Pol innen (nicht enthalten)<\/span><\/h1>\n<\/li>\n<li>\n<h1><span style=\"font-size: 14pt;\">Achtung: Der Batteriebetrieb ist &#8211; der Umwelt zuliebe &#8211; nicht m\u00f6glich! F\u00fcr optimales Rauschverhalten empfehlen wir den Einsatz von hochwertigen Netzteilen, bzw. Powerbanks!<\/span><\/h1>\n<\/li>\n<li>\n<h1><span style=\"font-size: 14pt;\">Stromaufnahme max 50mA<\/span><\/h1>\n<\/li>\n<li>\n<h1><span style=\"font-size: 14pt;\">Abmessungen (L x B x H): 126 x 85 x 41 mm<\/span><\/h1>\n<\/li>\n<li>\n<h1><span style=\"font-size: 14pt;\">Gewicht: 260 g<\/span><\/h1>\n<\/li>\n<li>\n<h1><span style=\"font-size: 14pt;\">Unsere Bodeneffekte werden ausschlie\u00dflich auf Bestellung von Hand gefertigt und innerhalb von ca. 2 Wochen versandt!<\/span><\/h1>\n<\/li>\n<\/ul>\n<\/li>\n<\/ul>\n","protected":false},"excerpt":{"rendered":"<p>LD-4 Distortion Premium HardRock Distortion Unser LD-4 trunamicDISTORTION Pedal liefert -wie der Name schon sagt- Verzerrung der h\u00e4rtesten Gangart. Der Sound orientiert sich an legend\u00e4ren HardRock-Alben aus den 80s, bietet also eine&nbsp; m\u00e4chtige Wall of Sound mit reichlich Tiefgang und<\/p>\n","protected":false},"author":1,"featured_media":0,"parent":0,"menu_order":0,"comment_status":"closed","ping_status":"closed","template":"","meta":{"_mi_skip_tracking":false,"ngg_post_thumbnail":0},"yst_prominent_words":[],"translation":{"provider":"WPGlobus","version":"2.10.10","language":"gb","enabled_languages":["de","gb"],"languages":{"de":{"title":true,"content":true,"excerpt":false},"gb":{"title":false,"content":false,"excerpt":false}}},"_links":{"self":[{"href":"https:\/\/rennsau-amps.de\/gb\/wp-json\/wp\/v2\/pages\/4590"}],"collection":[{"href":"https:\/\/rennsau-amps.de\/gb\/wp-json\/wp\/v2\/pages"}],"about":[{"href":"https:\/\/rennsau-amps.de\/gb\/wp-json\/wp\/v2\/types\/page"}],"author":[{"embeddable":true,"href":"https:\/\/rennsau-amps.de\/gb\/wp-json\/wp\/v2\/users\/1"}],"replies":[{"embeddable":true,"href":"https:\/\/rennsau-amps.de\/gb\/wp-json\/wp\/v2\/comments?post=4590"}],"version-history":[{"count":20,"href":"https:\/\/rennsau-amps.de\/gb\/wp-json\/wp\/v2\/pages\/4590\/revisions"}],"predecessor-version":[{"id":5058,"href":"https:\/\/rennsau-amps.de\/gb\/wp-json\/wp\/v2\/pages\/4590\/revisions\/5058"}],"wp:attachment":[{"href":"https:\/\/rennsau-amps.de\/gb\/wp-json\/wp\/v2\/media?parent=4590"}],"wp:term":[{"taxonomy":"yst_prominent_words","embeddable":true,"href":"https:\/\/rennsau-amps.de\/gb\/wp-json\/wp\/v2\/yst_prominent_words?post=4590"}],"curies":[{"name":"wp","href":"https:\/\/api.w.org\/{rel}","templated":true}]}}