{"id":4592,"date":"2023-02-21T12:58:35","date_gmt":"2023-02-21T11:58:35","guid":{"rendered":"http:\/\/rennsau-amps.de\/?page_id=4592"},"modified":"2024-03-05T07:43:26","modified_gmt":"2024-03-05T06:43:26","slug":"fuzz","status":"publish","type":"page","link":"https:\/\/rennsau-amps.de\/gb\/fuzz\/","title":{"rendered":"trunamic FUZZ"},"content":{"rendered":"<p><span style=\"font-size: 36pt;\"><strong>LF-8 FUZZ<\/strong><\/span><span style=\"font-size: 12pt;\"><br \/>\nExtreme Quad Fuzz<\/span><\/p>\n<p>\n\n\t<div class='ngg-imagebrowser default-view'\n         id='ngg-imagebrowser-c9ec87e7a2827f14941dfec64c509909-4592'\n         data-nextgen-gallery-id=\"c9ec87e7a2827f14941dfec64c509909\">\n\n        <h3>Rennsau_amplification_SVRO<\/h3>\n\n\t\t<div id=\"ngg-image-0\" class=\"pic\" >\n        \n        <a href='https:\/\/rennsau-amps.de\/wp-content\/gallery\/lf-8_fuzz\/Rennsau_amplification_SVRO.JPG'\n           title=' '\n           data-src=\"https:\/\/rennsau-amps.de\/wp-content\/gallery\/lf-8_fuzz\/Rennsau_amplification_SVRO.JPG\"\n           data-thumbnail=\"https:\/\/rennsau-amps.de\/wp-content\/gallery\/lf-8_fuzz\/thumbs\/thumbs_Rennsau_amplification_SVRO.JPG\"\n           data-image-id=\"408\"\n           data-title=\"Rennsau_amplification_SVRO\"\n           data-description=\" \"\n           class=\"shutterset_c9ec87e7a2827f14941dfec64c509909\">\n            <img title='Rennsau_amplification_SVRO'\n                 alt='Rennsau_amplification_SVRO'\n                 src='https:\/\/rennsau-amps.de\/wp-content\/gallery\/lf-8_fuzz\/Rennsau_amplification_SVRO.JPG'\/>\n        <\/a>\n\t    \n        <\/div> \n\n        <div class='ngg-imagebrowser-nav'>\n\n            <div class='back'>\n                <a class='ngg-browser-prev'\n                   id='ngg-prev-410'\n                   href='https:\/\/rennsau-amps.de\/gb\/fuzz\/nggallery\/image\/rennsau_amplification_shlo\/'>\n                    <i class=\"fa fa-chevron-left\" aria-hidden=\"true\"><\/i>\n                <\/a>\n            <\/div>\n\n            <div class='next'>\n                <a class='ngg-browser-next'\n                   id='ngg-next-405'\n                   href='https:\/\/rennsau-amps.de\/gb\/fuzz\/nggallery\/image\/rennsau_amplification_shro\/'>\n                    <i class=\"fa fa-chevron-right\" aria-hidden=\"true\"><\/i>\n                <\/a>\n            <\/div>\n\n            <div class='counter'>\n                Image                1                of                6            <\/div>\n\n            <div class='ngg-imagebrowser-desc'>\n                <p> <\/p>\n            <\/div>\n\n        <\/div>\n    <\/div>\n\n<span style=\"font-size: 14pt;\">DER Name ist Programm: Insgesamt 4 Fuzz-Stufen verleihen dem LF-8 unersch\u00f6pfliche Reserven, was Sustain, Verzerrung, aber auch harmonische Obert\u00f6ne angeht. Das war in der Form bisher nur durch die Kaskadierung mehrere Pedale m\u00f6glich, inklusive Aller Nachteile wie extremes Rauschen und unkontrollierbarer R\u00fcckkopplung.<\/span><\/p>\n<p><span style=\"font-size: 14pt;\">Dank der aktiven und sehr progressiven Klangregelung ist der LF-8 ein echter Allrounder, an dem Freunde von 60s-Sounds gleicherma\u00dfen Freude haben d\u00fcrften, sowie Anh\u00e4nger des Doom und Stoner!<\/span><\/p>\n<p><span style=\"font-size: 14pt;\">Wie all unsere Produkte ist der LF-8 handgefertigt und 100% Made in Germany.<\/span><\/p>\n<p>&nbsp;<\/p>\n<ul style=\"list-style-type: square;\">\n<li style=\"list-style-type: none;\">\n<ul style=\"list-style-type: square;\">\n<li>\n<h1><span style=\"font-size: 14pt;\">Vollst\u00e4ndig analoger Aufbau<\/span><\/h1>\n<\/li>\n<li>\n<h1><span style=\"font-size: 14pt;\">SoundPlus\/BurrBrown-OpAmps f\u00fcr beste Aufl\u00f6sung und wenig Grundrauschen<\/span><\/h1>\n<\/li>\n<li>\n<h1><span style=\"font-size: 14pt;\">6,3 mm &#8211; Neutrik &#8211; Klinkenbuchsen, seitlich f\u00fcr besonders kurze Signalwege<\/span><\/h1>\n<\/li>\n<li>\n<h1><span style=\"font-size: 14pt;\">Regler f\u00fcr Input-Boost (Gain), aktive, sehr progressive Klangregelung und Fuzz (Level) <\/span><\/h1>\n<\/li>\n<li>\n<h1><span style=\"font-size: 14pt;\">True-Bypass mit massivem Fu\u00dfschalter<\/span><\/h1>\n<\/li>\n<li>\n<h1><span style=\"font-size: 14pt;\">Status-LED im Switch integriert<\/span><\/h1>\n<\/li>\n<li>\n<h1><span style=\"font-size: 14pt;\">Massives Alugeh\u00e4use in Leichtbauweise<\/span><\/h1>\n<\/li>\n<li>\n<h1><span style=\"font-size: 14pt;\">Stromversorgung \u00fcber 9 V DC Netzteil (2,1 x 5,5 Hohlstecker, (-)Pol innen (nicht enthalten)<\/span><\/h1>\n<\/li>\n<li>\n<h1><span style=\"font-size: 14pt;\">Achtung: Der Batteriebetrieb ist &#8211; der Umwelt zuliebe &#8211; nicht m\u00f6glich! F\u00fcr optimales Rauschverhalten empfehlen wir den Einsatz von hochwertigen Netzteilen, bzw. Powerbanks!<\/span><\/h1>\n<\/li>\n<li>\n<h1><span style=\"font-size: 14pt;\">Stromaufnahme max 60mA<\/span><\/h1>\n<\/li>\n<li>\n<h1><span style=\"font-size: 14pt;\">Abmessungen (L x B x H): 126 x 85 x 41 mm<\/span><\/h1>\n<\/li>\n<li>\n<h1><span style=\"font-size: 14pt;\">Gewicht: 240 g<\/span><\/h1>\n<\/li>\n<li>\n<h1><span style=\"font-size: 14pt;\">Unsere Bodeneffekte werden ausschlie\u00dflich auf Bestellung von Hand gefertigt und innerhalb von ca. 2 Wochen versandt!<\/span><\/h1>\n<\/li>\n<\/ul>\n<\/li>\n<\/ul>\n<div class=\"epyt-video-wrapper\"><iframe loading=\"lazy\"  id=\"_ytid_37188\"  width=\"710\" height=\"399\"  data-origwidth=\"710\" data-origheight=\"399\" src=\"https:\/\/www.youtube.com\/embed\/7RDkuqrMTio?enablejsapi=1&#038;autoplay=0&#038;cc_load_policy=0&#038;cc_lang_pref=&#038;iv_load_policy=1&#038;loop=0&#038;modestbranding=0&#038;rel=0&#038;fs=1&#038;playsinline=0&#038;autohide=2&#038;theme=dark&#038;color=red&#038;controls=1&#038;\" class=\"__youtube_prefs__  epyt-is-override  no-lazyload\" title=\"YouTube player\"  allow=\"accelerometer; autoplay; clipboard-write; encrypted-media; gyroscope; picture-in-picture\" allowfullscreen data-no-lazy=\"1\" data-skipgform_ajax_framebjll=\"\"><\/iframe><\/div>\n","protected":false},"excerpt":{"rendered":"<p>LF-8 FUZZ Extreme Quad Fuzz DER Name ist Programm: Insgesamt 4 Fuzz-Stufen verleihen dem LF-8 unersch\u00f6pfliche Reserven, was Sustain, Verzerrung, aber auch harmonische Obert\u00f6ne angeht. Das war in der Form bisher nur durch die Kaskadierung mehrere Pedale m\u00f6glich, inklusive Aller<\/p>\n","protected":false},"author":1,"featured_media":0,"parent":0,"menu_order":0,"comment_status":"closed","ping_status":"closed","template":"","meta":{"_mi_skip_tracking":false,"ngg_post_thumbnail":0},"yst_prominent_words":[],"translation":{"provider":"WPGlobus","version":"2.10.10","language":"gb","enabled_languages":["de","gb"],"languages":{"de":{"title":true,"content":true,"excerpt":false},"gb":{"title":false,"content":false,"excerpt":false}}},"_links":{"self":[{"href":"https:\/\/rennsau-amps.de\/gb\/wp-json\/wp\/v2\/pages\/4592"}],"collection":[{"href":"https:\/\/rennsau-amps.de\/gb\/wp-json\/wp\/v2\/pages"}],"about":[{"href":"https:\/\/rennsau-amps.de\/gb\/wp-json\/wp\/v2\/types\/page"}],"author":[{"embeddable":true,"href":"https:\/\/rennsau-amps.de\/gb\/wp-json\/wp\/v2\/users\/1"}],"replies":[{"embeddable":true,"href":"https:\/\/rennsau-amps.de\/gb\/wp-json\/wp\/v2\/comments?post=4592"}],"version-history":[{"count":14,"href":"https:\/\/rennsau-amps.de\/gb\/wp-json\/wp\/v2\/pages\/4592\/revisions"}],"predecessor-version":[{"id":5060,"href":"https:\/\/rennsau-amps.de\/gb\/wp-json\/wp\/v2\/pages\/4592\/revisions\/5060"}],"wp:attachment":[{"href":"https:\/\/rennsau-amps.de\/gb\/wp-json\/wp\/v2\/media?parent=4592"}],"wp:term":[{"taxonomy":"yst_prominent_words","embeddable":true,"href":"https:\/\/rennsau-amps.de\/gb\/wp-json\/wp\/v2\/yst_prominent_words?post=4592"}],"curies":[{"name":"wp","href":"https:\/\/api.w.org\/{rel}","templated":true}]}}