{"id":4822,"date":"2023-02-27T14:25:56","date_gmt":"2023-02-27T13:25:56","guid":{"rendered":"http:\/\/rennsau-amps.de\/?page_id=4822"},"modified":"2024-02-29T18:42:24","modified_gmt":"2024-02-29T17:42:24","slug":"shaper","status":"publish","type":"page","link":"https:\/\/rennsau-amps.de\/gb\/shaper\/","title":{"rendered":"trunamic Shaper"},"content":{"rendered":"<p><span style=\"font-size: 36pt;\"><strong>LB-2 Shaper<\/strong><\/span><span style=\"font-size: 12pt;\"><br \/>\nLinear Boost Shaper<\/span><\/p>\n\n\n\t<div class='ngg-imagebrowser default-view'\n         id='ngg-imagebrowser-363bb3b12fc85cbc4e06ee3f0ecaf7c9-4822'\n         data-nextgen-gallery-id=\"363bb3b12fc85cbc4e06ee3f0ecaf7c9\">\n\n        <h3>Rennsau_amplification_LB-2_SVOR<\/h3>\n\n\t\t<div id=\"ngg-image-0\" class=\"pic\" >\n        \n        <a href='https:\/\/rennsau-amps.de\/wp-content\/gallery\/lb-2_shaper\/Rennsau_amplification_LB-2_SVOR.JPG'\n           title=' '\n           data-src=\"https:\/\/rennsau-amps.de\/wp-content\/gallery\/lb-2_shaper\/Rennsau_amplification_LB-2_SVOR.JPG\"\n           data-thumbnail=\"https:\/\/rennsau-amps.de\/wp-content\/gallery\/lb-2_shaper\/thumbs\/thumbs_Rennsau_amplification_LB-2_SVOR.JPG\"\n           data-image-id=\"443\"\n           data-title=\"Rennsau_amplification_LB-2_SVOR\"\n           data-description=\" \"\n           class=\"shutterset_363bb3b12fc85cbc4e06ee3f0ecaf7c9\">\n            <img title='Rennsau_amplification_LB-2_SVOR'\n                 alt='Rennsau_amplification_LB-2_SVOR'\n                 src='https:\/\/rennsau-amps.de\/wp-content\/gallery\/lb-2_shaper\/Rennsau_amplification_LB-2_SVOR.JPG'\/>\n        <\/a>\n\t    \n        <\/div> \n\n        <div class='ngg-imagebrowser-nav'>\n\n            <div class='back'>\n                <a class='ngg-browser-prev'\n                   id='ngg-prev-446'\n                   href='https:\/\/rennsau-amps.de\/gb\/shaper\/nggallery\/image\/rennsau_amplification_lb-2_detail\/'>\n                    <i class=\"fa fa-chevron-left\" aria-hidden=\"true\"><\/i>\n                <\/a>\n            <\/div>\n\n            <div class='next'>\n                <a class='ngg-browser-next'\n                   id='ngg-next-444'\n                   href='https:\/\/rennsau-amps.de\/gb\/shaper\/nggallery\/image\/rennsau_amplification_lb-2_svul\/'>\n                    <i class=\"fa fa-chevron-right\" aria-hidden=\"true\"><\/i>\n                <\/a>\n            <\/div>\n\n            <div class='counter'>\n                Image                1                of                4            <\/div>\n\n            <div class='ngg-imagebrowser-desc'>\n                <p> <\/p>\n            <\/div>\n\n        <\/div>\n    <\/div>\n\n\n<p><span style=\"font-size: 14pt;\">Wie all unsere Produkte ist der LB-2 handgefertigt und 100% Made in Germany.<\/span><\/p>\n<p>&nbsp;<\/p>\n<ul style=\"list-style-type: square;\">\n<li style=\"list-style-type: none;\">\n<ul style=\"list-style-type: square;\">\n<li>\n<h1><span style=\"font-size: 14pt;\">Vollst\u00e4ndig analoger Aufbau<\/span><\/h1>\n<\/li>\n<li>\n<h1><span style=\"font-size: 14pt;\">SoundPlus\/BurrBrown-OpAmps f\u00fcr beste Aufl\u00f6sung und wenig Grundrauschen<\/span><\/h1>\n<\/li>\n<li>\n<h1><span style=\"font-size: 14pt;\">6,3 mm &#8211; Neutrik &#8211; Klinkenbuchsen, seitlich f\u00fcr besonders kurze Signalwege<\/span><\/h1>\n<\/li>\n<li>\n<h1><span style=\"font-size: 14pt;\">Regler f\u00fcr Linear Boost, High- und Low-Cut<\/span><\/h1>\n<\/li>\n<li>\n<h1><span style=\"font-size: 14pt;\">True-Bypass mit massivem Fu\u00dfschalter<\/span><\/h1>\n<\/li>\n<li>\n<h1><span style=\"font-size: 14pt;\">Status-LED im Switch integriert<\/span><\/h1>\n<\/li>\n<li>\n<h1><span style=\"font-size: 14pt;\">Massives Alugeh\u00e4use in Leichtbauweise<\/span><\/h1>\n<\/li>\n<li>\n<h1><span style=\"font-size: 14pt;\">Stromversorgung \u00fcber 9 V DC Netzteil (2,1 x 5,5 Hohlstecker, (-)Pol innen (nicht enthalten)<\/span><\/h1>\n<\/li>\n<li>\n<h1><span style=\"font-size: 14pt;\">Achtung: Der Batteriebetrieb ist &#8211; der Umwelt zuliebe &#8211; nicht m\u00f6glich! F\u00fcr optimales Rauschverhalten empfehlen wir den Einsatz von hochwertigen Netzteilen, bzw. Powerbanks!<\/span><\/h1>\n<\/li>\n<li>\n<h1><span style=\"font-size: 14pt;\">Stromaufnahme max 50mA<\/span><\/h1>\n<\/li>\n<li>\n<h1><span style=\"font-size: 14pt;\">Abmessungen (L x B x H): 126 x 85 x 41 mm<\/span><\/h1>\n<\/li>\n<li>\n<h1><span style=\"font-size: 14pt;\">Gewicht: 240 g<\/span><\/h1>\n<\/li>\n<li>\n<h1><span style=\"font-size: 14pt;\">Unsere Bodeneffekte werden ausschlie\u00dflich auf Bestellung von Hand gefertigt und innerhalb von ca. 2 Wochen versandt!<\/span><\/h1>\n<\/li>\n<\/ul>\n<\/li>\n<\/ul>\n","protected":false},"excerpt":{"rendered":"<p>LB-2 Shaper Linear Boost Shaper &nbsp; Wie all unsere Produkte ist der LB-2 handgefertigt und 100% Made in Germany. &nbsp; Vollst\u00e4ndig analoger Aufbau SoundPlus\/BurrBrown-OpAmps f\u00fcr beste Aufl\u00f6sung und wenig Grundrauschen 6,3 mm &#8211; Neutrik &#8211; Klinkenbuchsen, seitlich f\u00fcr besonders kurze<\/p>\n","protected":false},"author":1,"featured_media":0,"parent":0,"menu_order":0,"comment_status":"closed","ping_status":"closed","template":"","meta":{"_mi_skip_tracking":false,"ngg_post_thumbnail":0},"yst_prominent_words":[],"translation":{"provider":"WPGlobus","version":"2.10.10","language":"gb","enabled_languages":["de","gb"],"languages":{"de":{"title":true,"content":true,"excerpt":false},"gb":{"title":false,"content":false,"excerpt":false}}},"_links":{"self":[{"href":"https:\/\/rennsau-amps.de\/gb\/wp-json\/wp\/v2\/pages\/4822"}],"collection":[{"href":"https:\/\/rennsau-amps.de\/gb\/wp-json\/wp\/v2\/pages"}],"about":[{"href":"https:\/\/rennsau-amps.de\/gb\/wp-json\/wp\/v2\/types\/page"}],"author":[{"embeddable":true,"href":"https:\/\/rennsau-amps.de\/gb\/wp-json\/wp\/v2\/users\/1"}],"replies":[{"embeddable":true,"href":"https:\/\/rennsau-amps.de\/gb\/wp-json\/wp\/v2\/comments?post=4822"}],"version-history":[{"count":7,"href":"https:\/\/rennsau-amps.de\/gb\/wp-json\/wp\/v2\/pages\/4822\/revisions"}],"predecessor-version":[{"id":5056,"href":"https:\/\/rennsau-amps.de\/gb\/wp-json\/wp\/v2\/pages\/4822\/revisions\/5056"}],"wp:attachment":[{"href":"https:\/\/rennsau-amps.de\/gb\/wp-json\/wp\/v2\/media?parent=4822"}],"wp:term":[{"taxonomy":"yst_prominent_words","embeddable":true,"href":"https:\/\/rennsau-amps.de\/gb\/wp-json\/wp\/v2\/yst_prominent_words?post=4822"}],"curies":[{"name":"wp","href":"https:\/\/api.w.org\/{rel}","templated":true}]}}