{"id":4896,"date":"2023-08-11T15:42:45","date_gmt":"2023-08-11T13:42:45","guid":{"rendered":"http:\/\/rennsau-amps.de\/?page_id=4896"},"modified":"2024-12-02T09:57:44","modified_gmt":"2024-12-02T08:57:44","slug":"rengla-15","status":"publish","type":"page","link":"https:\/\/rennsau-amps.de\/gb\/rengla-15\/","title":{"rendered":"Rengla-15"},"content":{"rendered":"<p><span style=\"font-size: 36pt;\"><strong>Rengla-15<\/strong><\/span><span style=\"font-size: 12pt;\"><br \/>\nVollr\u00f6hren-Topteil<\/span><\/p>\n<p>\n\n\t<div class='ngg-imagebrowser default-view'\n         id='ngg-imagebrowser-8c207d634697e6ff626cad2aa7a44dac-4896'\n         data-nextgen-gallery-id=\"8c207d634697e6ff626cad2aa7a44dac\">\n\n        <h3>1_RENNSAU_RA-15_fb<\/h3>\n\n\t\t<div id=\"ngg-image-0\" class=\"pic\" >\n        \n        <a href='https:\/\/rennsau-amps.de\/wp-content\/gallery\/rengla-15\/1_RENNSAU_RA-15_fb.JPG'\n           title=' '\n           data-src=\"https:\/\/rennsau-amps.de\/wp-content\/gallery\/rengla-15\/1_RENNSAU_RA-15_fb.JPG\"\n           data-thumbnail=\"https:\/\/rennsau-amps.de\/wp-content\/gallery\/rengla-15\/thumbs\/thumbs_1_RENNSAU_RA-15_fb.JPG\"\n           data-image-id=\"421\"\n           data-title=\"1_RENNSAU_RA-15_fb\"\n           data-description=\" \"\n           class=\"shutterset_8c207d634697e6ff626cad2aa7a44dac\">\n            <img title='1_RENNSAU_RA-15_fb'\n                 alt='1_RENNSAU_RA-15_fb'\n                 src='https:\/\/rennsau-amps.de\/wp-content\/gallery\/rengla-15\/1_RENNSAU_RA-15_fb.JPG'\/>\n        <\/a>\n\t    \n        <\/div> \n\n        <div class='ngg-imagebrowser-nav'>\n\n            <div class='back'>\n                <a class='ngg-browser-prev'\n                   id='ngg-prev-428'\n                   href='https:\/\/rennsau-amps.de\/gb\/rengla-15\/nggallery\/image\/rennsau_ra-15_bb\/'>\n                    <i class=\"fa fa-chevron-left\" aria-hidden=\"true\"><\/i>\n                <\/a>\n            <\/div>\n\n            <div class='next'>\n                <a class='ngg-browser-next'\n                   id='ngg-next-422'\n                   href='https:\/\/rennsau-amps.de\/gb\/rengla-15\/nggallery\/image\/1_rennsau_ra-15_isotr\/'>\n                    <i class=\"fa fa-chevron-right\" aria-hidden=\"true\"><\/i>\n                <\/a>\n            <\/div>\n\n            <div class='counter'>\n                Image                1                of                9            <\/div>\n\n            <div class='ngg-imagebrowser-desc'>\n                <p> <\/p>\n            <\/div>\n\n        <\/div>\n    <\/div>\n\n<span style=\"font-size: 14pt;\"><article id=\"arbitrary-instance-69e1bde6aea2b\" class=\"iron_widget_radio\"><div class=\"iron-audioplayer  sonaar-no-artwork sr_waveform_ playlist_has_no_ctas\" id=\"arbitrary-instance-69e1bde6aea2b-8af4927a71\" data-id=\"arbitrary-instance-69e1bde6aea2b\" data-albums=\"5073\"data-url-playlist=\"https:\/\/rennsau-amps.de\/gb\/?load=playlist.json&#038;title=&#038;albums=5073&#038;feed_title=&#038;feed=&#038;feed_img=&#038;el_widget_id=&#038;artwork=&#038;posts_per_pages=-1&#038;all_category=&#038;single_playlist=&#038;reverse_tracklist=&#038;audio_meta_field=&#038;repeater_meta_field=\" data-sticky-player=\"0\" data-shuffle=\"\" data-playlist_title=\"\" data-scrollbar=\"\" data-wave-color=\"\" data-wave-progress-color=\"\" data-spectro=\"\" data-no-wave=\"\" data-hide-progressbar=\"\" data-progress-bar-style=\"\"data-feedurl=\"0\" data-notrackskip=\"\" data-no-loop-tracklist=\"\" data-playertemplate =\"skin_float_tracklist\" data-hide-artwork =\"1\" data-speedrate=\"1\" \" data-tracks-per-page=\"\" data-adaptive-colors=\"\" data-adaptive-colors-freeze=\"\" style=\"opacity:0;\"><div class=\"sonaar-grid\" style=&quot;display:none;&quot;><div class=\"playlist\" id=\"playlist_arbitrary-instance-69e1bde6aea2b\"><h3 class=\"sr_it-playlist-title\"><\/h3><div class=\"srp_subtitle\"><\/div><div class=\"srp_tracklist\"><ul class=\"srp_list\"><li \n            class=\"sr-playlist-item sr-playlist-item-flex\" \n            data-audiopath=\"https:\/\/rennsau-amps.de\/wp-content\/uploads\/2024\/11\/Clean.wav\"\n            data-showloading=\"1\"\n            data-albumTitle=\"RENGLA 15\"\n            data-albumArt=\"\"\n            data-releasedate=\"\"\n            data-date=\"2024\/11\/30\"\n            data-show-date=\"\"\n            data-trackTitle=\"Clean\"\n            data-trackID=\"5077\"\n            data-trackTime=\"0:22\"\n            data-relatedTrack=\"\"\n            data-post-url=\"\"\n            data-post-id=\"5073\"\n            data-track-pos=0\n            data-track-lyric=\"\"\n            ><span class=\"store-list\"><\/span><\/li><li \n            class=\"sr-playlist-item sr-playlist-item-flex\" \n            data-audiopath=\"https:\/\/rennsau-amps.de\/wp-content\/uploads\/2024\/11\/Clean-Crunch.wav\"\n            data-showloading=\"1\"\n            data-albumTitle=\"RENGLA 15\"\n            data-albumArt=\"\"\n            data-releasedate=\"\"\n            data-date=\"2024\/11\/30\"\n            data-show-date=\"\"\n            data-trackTitle=\"Clean 2\"\n            data-trackID=\"5078\"\n            data-trackTime=\"0:21\"\n            data-relatedTrack=\"\"\n            data-post-url=\"\"\n            data-post-id=\"5073\"\n            data-track-pos=1\n            data-track-lyric=\"\"\n            ><span class=\"store-list\"><\/span><\/li><li \n            class=\"sr-playlist-item sr-playlist-item-flex\" \n            data-audiopath=\"https:\/\/rennsau-amps.de\/wp-content\/uploads\/2024\/11\/Overdrive.wav\"\n            data-showloading=\"1\"\n            data-albumTitle=\"RENGLA 15\"\n            data-albumArt=\"\"\n            data-releasedate=\"\"\n            data-date=\"2024\/11\/30\"\n            data-show-date=\"\"\n            data-trackTitle=\"Overdrive\"\n            data-trackID=\"5079\"\n            data-trackTime=\"0:25\"\n            data-relatedTrack=\"\"\n            data-post-url=\"\"\n            data-post-id=\"5073\"\n            data-track-pos=2\n            data-track-lyric=\"\"\n            ><span class=\"store-list\"><\/span><\/li><li \n            class=\"sr-playlist-item sr-playlist-item-flex\" \n            data-audiopath=\"https:\/\/rennsau-amps.de\/wp-content\/uploads\/2024\/11\/Lead.wav\"\n            data-showloading=\"1\"\n            data-albumTitle=\"RENGLA 15\"\n            data-albumArt=\"\"\n            data-releasedate=\"\"\n            data-date=\"2024\/11\/30\"\n            data-show-date=\"\"\n            data-trackTitle=\"Lead\"\n            data-trackID=\"5076\"\n            data-trackTime=\"0:18\"\n            data-relatedTrack=\"\"\n            data-post-url=\"\"\n            data-post-id=\"5073\"\n            data-track-pos=3\n            data-track-lyric=\"\"\n            ><span class=\"store-list\"><\/span><\/li><\/ul><\/div><\/div><\/div><div class=\"album-player\"><div class=\"album-title\"><\/div><div class=\"track-title\"><\/div> <div class=\"player \" ><div class=\"sr_progressbar\">\n                \n            <div class=\"currentTime\"><\/div>\n         \n                <div id=\"arbitrary-instance-69e1bde6aea2b-d4d69e4457-wave\" class=\"wave\" >\n                \n            <div class=\"sonaar_fake_wave\" >\n                <audio src=\"\" class=\"sonaar_media_element\"><\/audio>\n                <div class=\"sonaar_wave_base\">\n                    <canvas id=arbitrary-instance-69e1bde6aea2b-container class=\"\" height=\"70\" width=\"2540\"><\/canvas>\n                    <svg><\/svg>\n                <\/div>\n                <div class=\"sonaar_wave_cut\">\n                    <canvas id=arbitrary-instance-69e1bde6aea2b-progress class=\"\" height=\"70\" width=\"2540\"><\/canvas>\n                    <svg><\/svg>\n                <\/div>\n            <\/div> \n                <\/div>\n                \n            <div class=\"totalTime\"><\/div>\n         \n             <\/div><div class=\"srp_main_control srp_oneColumn\"><div class=\"control\"><div class=\"previous sricon-back\" style=\"opacity:0;\"><\/div><div class=\"play\" style=\"opacity:0;\">\n                <i class=\"sricon-play\"><\/i>\n            <\/div><div class=\"next sricon-forward\" style=\"opacity:0;\"><\/div><\/div><div class=\"control\"><\/div><\/div><\/div><\/div><div class=\"album-store\"><\/div><\/div><script>if(typeof setIronAudioplayers !== \"undefined\"){ setIronAudioplayers(\"arbitrary-instance-69e1bde6aea2b\"); }<\/script><\/article><\/span><\/p>\n<p>&nbsp;<\/p>\n<h3><span style=\"color: #000000;\"><strong>Gitarren-Topteil<\/strong><\/span><\/h3>\n<p><span style=\"font-size: 14pt;\">Mit dem RENGLA-15 kommt nun die zweite RENNSAU-Lunchbox auf den Markt und bedient all diejenigen, die mit (immernoch m\u00e4chtigen) 15 Watt in allen Lebenslagen gut auskommen. Besonders profitiert man dabei von dem besonders harmonischen Timbre der beiden EL84-R\u00f6hren in der Endstufe, welche dank der Fixed-Bias-Schaltung tighte B\u00e4sse liefern und auch gr\u00f6\u00dfere Lautsprecher definiert befeuern.&nbsp;<\/span><\/p>\n<p><span style=\"font-size: 18.6667px;\">F\u00fcr alle Schl\u00fcsselkomponenten wie Transformatoren, Ausgangs\u00fcbertrager und R\u00f6hren kommen nur selektierte, hochwertige Bauteile zum Einsatz. Auch das besonders leichte Alu-Geh\u00e4use und Elektrokomponenten entstehen in zentraleurop\u00e4ischen Werkst\u00e4tten.<br \/>\nDie Montage erfolgt in detailverliebter Handarbeit in Landshut, Bayern.&nbsp;<\/span><\/p>\n<p><span style=\"font-size: 14pt;\">Genau wie die gr\u00f6\u00dfere 50 Watt-Version, orientiert sich der RENGLA-15 un\u00fcberh\u00f6rbar an unserem Flaggschiff RX-100. Das erkl\u00e4rt auch den wenig sparsamen Einsatz von Vorstufenr\u00f6hren, davon finden sich immerhin 6 St\u00fcck!<\/span><\/p>\n<p><span style=\"font-size: 14pt;\">Beide Kan\u00e4le bieten vielschichtige Einstellm\u00f6glichkeiten und liefern alles zwischen sehr clean bis hin zu extatischem Distortion. Lautst\u00e4rke-, Klang und Gainregler finden sich v\u00f6llig separat in jedem Kanal und durch ein zus\u00e4tzliches Voicing im Lead, kann getrost von einem 2,5-Kanaler gesprochen werden.<\/span><\/p>\n<p><span style=\"font-size: 14pt;\">Dank der durchdachten Vorstufentopografie kommt er komplett ohne Dummy-Load aus und auch die Ausgangsleistung l\u00e4sst sich ganz bewusst nicht reduzieren, was der Lebensdauer der Endstufenr\u00f6hren zu Gute kommt. Rennsau-Amps performen schon bei moderaten Lautst\u00e4rken!<\/span><\/p>\n<p><span style=\"font-size: 14pt;\">Wie all unsere Produkte ist der Rengla-15 handgefertigt und 100% Made in Germany.<\/span><\/p>\n<p><span style=\"font-size: 14pt;\">&nbsp;<\/span><\/p>\n<ul style=\"list-style-type: square;\">\n<li style=\"list-style-type: none;\">\n<ul style=\"list-style-type: square;\">\n<li>\n<h1><span style=\"font-size: 14pt;\">Leistung: 15 Watt<\/span><\/h1>\n<\/li>\n<li>\n<h1><span style=\"font-size: 14pt;\">2 Kan\u00e4le f\u00fcr Clean und Lead<\/span><\/h1>\n<\/li>\n<li>\n<h1><span style=\"font-size: 14pt;\">Zus\u00e4tzliche Soundvarianten im Leadkanal<\/span><\/h1>\n<\/li>\n<li>\n<h1><span style=\"font-size: 14pt;\">Besonders effektive Klangregelung mit Tiefen-, Mitten- und H\u00f6henreglung jeweils pro Kanal<\/span><\/h1>\n<\/li>\n<li>\n<h1><span style=\"font-size: 14pt;\">R\u00f6hrengepufferter FX-Loop<\/span><\/h1>\n<\/li>\n<li>\n<h1><span style=\"font-size: 14pt;\">2x EL84 Endstufenr\u00f6hren<\/span><\/h1>\n<\/li>\n<li>\n<h1><span style=\"font-size: 14pt;\">3x ECC83 und 3x E83CC Vorstufenr\u00f6hren<\/span><\/h1>\n<\/li>\n<li>\n<h1><span style=\"font-size: 14pt;\">Ausg\u00e4nge f\u00fcr Lautsprecher mit 4, 8 oder 16 Ohm<\/span><\/h1>\n<\/li>\n<li>\n<h1><span style=\"font-size: 14pt;\">100% Made in Germany<\/span><\/h1>\n<\/li>\n<li>\n<h1><span style=\"font-size: 14pt;\">Gewicht: 4,7 Kg<\/span><\/h1>\n<\/li>\n<li>\n<h1><span style=\"font-size: 14pt;\">Ma\u00dfe: 405 x 225 x 170 mm<\/span><\/h1>\n<p>&nbsp;<\/p>\n<div class=\"epyt-video-wrapper\"><iframe loading=\"lazy\"  id=\"_ytid_46144\"  width=\"710\" height=\"399\"  data-origwidth=\"710\" data-origheight=\"399\" src=\"https:\/\/www.youtube.com\/embed\/ZxvbvtzBpTc?enablejsapi=1&#038;autoplay=0&#038;cc_load_policy=0&#038;cc_lang_pref=&#038;iv_load_policy=1&#038;loop=0&#038;modestbranding=0&#038;rel=0&#038;fs=1&#038;playsinline=0&#038;autohide=2&#038;theme=dark&#038;color=red&#038;controls=1&#038;\" class=\"__youtube_prefs__  epyt-is-override  no-lazyload\" title=\"YouTube player\"  allow=\"accelerometer; autoplay; clipboard-write; encrypted-media; gyroscope; picture-in-picture\" allowfullscreen data-no-lazy=\"1\" data-skipgform_ajax_framebjll=\"\"><\/iframe><\/div>\n<\/ul>\n<\/li>\n<\/ul>\n","protected":false},"excerpt":{"rendered":"<p>Rengla-15 Vollr\u00f6hren-Topteil &nbsp; Gitarren-Topteil Mit dem RENGLA-15 kommt nun die zweite RENNSAU-Lunchbox auf den Markt und bedient all diejenigen, die mit (immernoch m\u00e4chtigen) 15 Watt in allen Lebenslagen gut auskommen. Besonders profitiert man dabei von dem besonders harmonischen Timbre der<\/p>\n","protected":false},"author":1,"featured_media":0,"parent":0,"menu_order":0,"comment_status":"closed","ping_status":"closed","template":"","meta":{"_mi_skip_tracking":false,"ngg_post_thumbnail":0},"yst_prominent_words":[],"translation":{"provider":"WPGlobus","version":"2.10.10","language":"gb","enabled_languages":["de","gb"],"languages":{"de":{"title":true,"content":true,"excerpt":false},"gb":{"title":false,"content":false,"excerpt":false}}},"_links":{"self":[{"href":"https:\/\/rennsau-amps.de\/gb\/wp-json\/wp\/v2\/pages\/4896"}],"collection":[{"href":"https:\/\/rennsau-amps.de\/gb\/wp-json\/wp\/v2\/pages"}],"about":[{"href":"https:\/\/rennsau-amps.de\/gb\/wp-json\/wp\/v2\/types\/page"}],"author":[{"embeddable":true,"href":"https:\/\/rennsau-amps.de\/gb\/wp-json\/wp\/v2\/users\/1"}],"replies":[{"embeddable":true,"href":"https:\/\/rennsau-amps.de\/gb\/wp-json\/wp\/v2\/comments?post=4896"}],"version-history":[{"count":11,"href":"https:\/\/rennsau-amps.de\/gb\/wp-json\/wp\/v2\/pages\/4896\/revisions"}],"predecessor-version":[{"id":5083,"href":"https:\/\/rennsau-amps.de\/gb\/wp-json\/wp\/v2\/pages\/4896\/revisions\/5083"}],"wp:attachment":[{"href":"https:\/\/rennsau-amps.de\/gb\/wp-json\/wp\/v2\/media?parent=4896"}],"wp:term":[{"taxonomy":"yst_prominent_words","embeddable":true,"href":"https:\/\/rennsau-amps.de\/gb\/wp-json\/wp\/v2\/yst_prominent_words?post=4896"}],"curies":[{"name":"wp","href":"https:\/\/api.w.org\/{rel}","templated":true}]}}