{"id":500,"date":"2017-05-18T18:02:40","date_gmt":"2017-05-18T16:02:40","guid":{"rendered":"http:\/\/vms-amps.de.dd26708.kasserver.com\/?page_id=500"},"modified":"2023-10-23T14:28:58","modified_gmt":"2023-10-23T12:28:58","slug":"lautsprecher-lsp-112","status":"publish","type":"page","link":"https:\/\/rennsau-amps.de\/gb\/lautsprecher-lsp-112\/","title":{"rendered":"1 x 12&#8243;"},"content":{"rendered":"<h1><span style=\"font-size: 36pt;\"><strong>LSP 112<\/strong><\/span><\/h1>\n\n\n\t<div class='ngg-imagebrowser default-view'\n         id='ngg-imagebrowser-62385fa848bf1abd06e656745916f390-500'\n         data-nextgen-gallery-id=\"62385fa848bf1abd06e656745916f390\">\n\n        <h3>LSP112Frontal<\/h3>\n\n\t\t<div id=\"ngg-image-0\" class=\"pic\" >\n        \n        <a href='https:\/\/rennsau-amps.de\/wp-content\/gallery\/lsp112\/LSP112Frontal.JPG'\n           title=' '\n           data-src=\"https:\/\/rennsau-amps.de\/wp-content\/gallery\/lsp112\/LSP112Frontal.JPG\"\n           data-thumbnail=\"https:\/\/rennsau-amps.de\/wp-content\/gallery\/lsp112\/thumbs\/thumbs_LSP112Frontal.JPG\"\n           data-image-id=\"447\"\n           data-title=\"LSP112Frontal\"\n           data-description=\" \"\n           class=\"shutterset_62385fa848bf1abd06e656745916f390\">\n            <img title='LSP112Frontal'\n                 alt='LSP112Frontal'\n                 src='https:\/\/rennsau-amps.de\/wp-content\/gallery\/lsp112\/LSP112Frontal.JPG'\/>\n        <\/a>\n\t    \n        <\/div> \n\n        <div class='ngg-imagebrowser-nav'>\n\n            <div class='back'>\n                <a class='ngg-browser-prev'\n                   id='ngg-prev-449'\n                   href='https:\/\/rennsau-amps.de\/gb\/lautsprecher-lsp-112\/nggallery\/image\/lsp112untenlinks\/'>\n                    <i class=\"fa fa-chevron-left\" aria-hidden=\"true\"><\/i>\n                <\/a>\n            <\/div>\n\n            <div class='next'>\n                <a class='ngg-browser-next'\n                   id='ngg-next-448'\n                   href='https:\/\/rennsau-amps.de\/gb\/lautsprecher-lsp-112\/nggallery\/image\/lsp112iso\/'>\n                    <i class=\"fa fa-chevron-right\" aria-hidden=\"true\"><\/i>\n                <\/a>\n            <\/div>\n\n            <div class='counter'>\n                Image                1                of                3            <\/div>\n\n            <div class='ngg-imagebrowser-desc'>\n                <p> <\/p>\n            <\/div>\n\n        <\/div>\n    <\/div>\n\n\n<ul style=\"list-style-type: square;\">\n<li>\n<h1><span style=\"font-size: 14pt;\">Best\u00fcckt mit 1 x 12&#8243; WGS RETRO 30-Chassis<\/span><\/h1>\n<\/li>\n<li>\n<h1><span style=\"font-size: 14pt;\">Ausgezeichnete Dynamik und ausgewogene Klangeigenschaften<\/span><\/h1>\n<\/li>\n<li>\n<h1><span style=\"font-size: 14pt;\">Farbe frei w\u00e4hlbar (Bitte bei Bestellung angeben!)<\/span><\/h1>\n<\/li>\n<li>\n<h1><span style=\"font-size: 14pt;\">Extrem steifes MDF-Geh\u00e4use f\u00fcr absolut definierte Sounds<\/span><\/h1>\n<\/li>\n<li>\n<h1><span style=\"font-size: 14pt;\">Komfortabler Koffergriff f\u00fcr einfachstes Handling<\/span><\/h1>\n<\/li>\n<li>\n<h1><span style=\"font-size: 14pt;\">Leistung: 75 Watt (WGS RETRO 30) <\/span><\/h1>\n<\/li>\n<li>\n<h1><span style=\"font-size: 14pt;\">Impedanz w\u00e4hlbar aus 4, 8 oder 16 Ohm. (Bitte bei Bestellung angeben!)<\/span><\/h1>\n<\/li>\n<li>\n<h1><span style=\"font-size: 14pt;\">Handmade in Germany<\/span><\/h1>\n<\/li>\n<li>\n<h1><span style=\"font-size: 14pt;\">Gewicht: ca. 19 Kg<\/span><\/h1>\n<\/li>\n<li>\n<h1><span style=\"font-size: 14pt;\">Ma\u00dfe: 410 x 365 x 305 mm<\/span><\/h1>\n<\/li>\n<\/ul>\n<h1>&nbsp;<\/h1>\n<p><iframe src=\"https:\/\/www.youtube.com\/embed\/Lr0ZcWZc-sU\" height=\"200\" frameborder=\"0\" allowfullscreen=\"allowfullscreen\"><\/iframe><\/p>\n","protected":false},"excerpt":{"rendered":"<p>LSP 112 Best\u00fcckt mit 1 x 12&#8243; WGS RETRO 30-Chassis Ausgezeichnete Dynamik und ausgewogene Klangeigenschaften Farbe frei w\u00e4hlbar (Bitte bei Bestellung angeben!) Extrem steifes MDF-Geh\u00e4use f\u00fcr absolut definierte Sounds Komfortabler Koffergriff f\u00fcr einfachstes Handling Leistung: 75 Watt (WGS RETRO 30)<\/p>\n","protected":false},"author":1,"featured_media":0,"parent":0,"menu_order":0,"comment_status":"closed","ping_status":"closed","template":"","meta":{"_mi_skip_tracking":false,"ngg_post_thumbnail":0},"yst_prominent_words":[],"translation":{"provider":"WPGlobus","version":"2.10.10","language":"gb","enabled_languages":["de","gb"],"languages":{"de":{"title":true,"content":true,"excerpt":false},"gb":{"title":false,"content":false,"excerpt":false}}},"_links":{"self":[{"href":"https:\/\/rennsau-amps.de\/gb\/wp-json\/wp\/v2\/pages\/500"}],"collection":[{"href":"https:\/\/rennsau-amps.de\/gb\/wp-json\/wp\/v2\/pages"}],"about":[{"href":"https:\/\/rennsau-amps.de\/gb\/wp-json\/wp\/v2\/types\/page"}],"author":[{"embeddable":true,"href":"https:\/\/rennsau-amps.de\/gb\/wp-json\/wp\/v2\/users\/1"}],"replies":[{"embeddable":true,"href":"https:\/\/rennsau-amps.de\/gb\/wp-json\/wp\/v2\/comments?post=500"}],"version-history":[{"count":70,"href":"https:\/\/rennsau-amps.de\/gb\/wp-json\/wp\/v2\/pages\/500\/revisions"}],"predecessor-version":[{"id":4984,"href":"https:\/\/rennsau-amps.de\/gb\/wp-json\/wp\/v2\/pages\/500\/revisions\/4984"}],"wp:attachment":[{"href":"https:\/\/rennsau-amps.de\/gb\/wp-json\/wp\/v2\/media?parent=500"}],"wp:term":[{"taxonomy":"yst_prominent_words","embeddable":true,"href":"https:\/\/rennsau-amps.de\/gb\/wp-json\/wp\/v2\/yst_prominent_words?post=500"}],"curies":[{"name":"wp","href":"https:\/\/api.w.org\/{rel}","templated":true}]}}