{"id":73,"date":"2017-02-02T19:59:09","date_gmt":"2017-02-02T18:59:09","guid":{"rendered":"http:\/\/vms-amps.de.dd26708.kasserver.com\/?page_id=73"},"modified":"2025-11-23T11:31:51","modified_gmt":"2025-11-23T10:31:51","slug":"home","status":"publish","type":"page","link":"https:\/\/rennsau-amps.de\/gb\/","title":{"rendered":"RENNSAU amplification"},"content":{"rendered":"\n<figure class=\"wp-block-video\"><video loop=\"loop\" autoplay playsinline muted ><source type=\"video\/mp4\" src=\"https:\/\/rennsau-amps.de\/wp-content\/uploads\/2022\/03\/rennsau_trailer_0322.mp4-1080p.mp4\" \/><\/video><\/figure>\n\n\n\n<div style=\"height:22px\" aria-hidden=\"true\" class=\"wp-block-spacer\"><\/div>\n\n\n<p>2001, ich war 13, und auf dem Dachboden fand ich zwei Dinge, die eigentlich niemand mehr haben wollte: ein altes R\u00f6hrenradio und eine E-Gitarre. Beides defekt, beides geheimnisvoll. Ich wollte unbedingt verstehen, warum nichts davon funktionierte \u2013 und wie es wohl klingen w\u00fcrde.<\/p>\n<p>In jeder Band war ich danach automatisch derjenige, der Technik repariert, umbaut oder verbessert. Erst Kleinkram, dann Effekte, dann die ersten Verst\u00e4rker. Aus Neugier wurde K\u00f6nnen, aus Basteln wurde Handwerk \u2013 und irgendwann war klar, dass ich meine eigenen Ger\u00e4te bauen will.<\/p>\n<p>So ist Rennsau entstanden: aus einer Mischung aus Leidenschaft, Pr\u00e4zision und dem Anspruch, ehrliche, robuste und musikalisch sinnvolle Werkzeuge zu bauen. Durchdachte Schaltungen, hochwertige Bauteile und Sound, der inspiriert.<\/p>\n<p>Bis heute ist das genau der Anspruch hinter jedem Amp, jeder Box und jedem Pedal.<\/p>\n<p><em>Stay loud,<\/em><\/p>\n<p><em>Ben<\/em><\/p>\n<p><span style=\"font-size: 20pt; color: #333333;\"><img decoding=\"async\" loading=\"lazy\" class=\"aligncenter wp-image-3467 size-large\" src=\"https:\/\/rennsau-amps.de\/wp-content\/uploads\/2020\/11\/RENNSAU-HANDMADE-700x353.png\" alt=\"\" width=\"700\" height=\"353\" srcset=\"https:\/\/rennsau-amps.de\/wp-content\/uploads\/2020\/11\/RENNSAU-HANDMADE-700x353.png 700w, https:\/\/rennsau-amps.de\/wp-content\/uploads\/2020\/11\/RENNSAU-HANDMADE-300x151.png 300w, https:\/\/rennsau-amps.de\/wp-content\/uploads\/2020\/11\/RENNSAU-HANDMADE-768x387.png 768w\" sizes=\"(max-width: 700px) 100vw, 700px\" \/><\/span><\/p>\n<p>&nbsp;<\/p>\n<hr>\n<p><span style=\"color: #333333;\"><div class=\"ti-widget ti-goog\" data-layout-id=\"4\" data-set-id=\"drop-shadow\" data-pid=\"\" data-pager-autoplay-timeout=\"6\" data-review-target-width=\"300\" data-language=\"de\" > <div class=\"ti-widget-container ti-col-3\"> <div class=\"ti-reviews-container\"> <div class=\"ti-controls\"> <div class=\"ti-next\"><\/div> <div class=\"ti-prev\"><\/div> <\/div> <div class=\"ti-reviews-container-wrapper\">  <div data-empty=\"0\" class=\"ti-review-item source-Google\" > <div class=\"ti-inner\"> <div class=\"ti-review-header\"> <div class=\"ti-profile-img\"> <img src=\"https:\/\/lh3.googleusercontent.com\/a\/ACg8ocIgIoNdW5gAfjGZR3iENWzmDkj_lNfJgSkzBvON_l5b=s120-c-rp-mo-br100\" alt=\"Daniel Hoffmann\" \/> <\/div> <div class=\"ti-profile-details\"> <div class=\"ti-name\"> Daniel Hoffmann <\/div> <div class=\"ti-date\">2023-11-28<\/div> <\/div> <\/div> <span class=\"ti-stars\"><span class=\"ti-star f\"><\/span><span class=\"ti-star f\"><\/span><span class=\"ti-star f\"><\/span><span class=\"ti-star f\"><\/span><span class=\"ti-star f\"><\/span><\/span> <div class=\"ti-review-text-container ti-review-content\"><!-- R-CONTENT -->Ich habe mir Anfang des Jahres den LB-2 Shaper\/Booster gekauft. Das Pedal war liebevoll verpackt und Boosted ordentlich. Der LOW und High CUT ist sehr n\u00fctzlich das der geboostete AMP nicht zu matschig und nicht zu schrill klingt.\n\nVor kurzem habe ich mir noch den Rengla-50 gekauft. Das Metallgeh\u00e4use sieht sehr gut aus und die Verarbeitung ist super!\nZum Sound:\nDer Clean Sound ist sehr klar und auch wirklich clean! Ich habe den Clean Kanal auch mal mit einem Boss DS1 befeuert da bekommt man auch sehr coole Sounds hin. Sprich der Clean Kanal kommt sehr gut mit Pedalen zurecht.\n\nZum Lead Kanal. Hier finde ich die zwei Klangvarianten sehr praktisch denn so hat man fast einen dritten Kanal. Hier gibt es ordentlich Gain Reserven. Ich habe diesen Kanal mal mit dem LB-2 Booster befeuert mit dem Fazit das es dann zu viel des guten ist. Ich bin der Meinung f\u00fcr diesen AMP ben\u00f6tigt man keinen Booster oder extra Gain pedal! Die T\u00f6ne sind klar, sehr pr\u00e4sent im Bandgef\u00fcge und matschten nicht.\n\nIch bin mit dem AMP sehr zufrieden und er ist auch sehr gut in der Band angekommen.\n\nDamit ein gro\u00dfes Dankesch\u00f6n an Ben! Du hast immer schnell auf Fragen geantwortet und bist auf alle W\u00fcnsche eingegangen.<!-- R-CONTENT --><\/div> <span class=\"ti-read-more\" data-container=\".ti-review-content\" data-collapse-text=\"Ausblenden\" data-open-text=\"Weiterlesen\"><\/span> <\/div> <\/div>  <div data-empty=\"0\" class=\"ti-review-item source-Google\" > <div class=\"ti-inner\"> <div class=\"ti-review-header\"> <div class=\"ti-profile-img\"> <img src=\"https:\/\/lh3.googleusercontent.com\/a-\/ALV-UjXizAsVWCMEalZuZ7MmTCUCE7P3y-ypYBV8SqfaGwQ0-jg=s120-c-rp-mo-ba3-br100\" alt=\"N. D'Kieltsch\" \/> <\/div> <div class=\"ti-profile-details\"> <div class=\"ti-name\"> N. D'Kieltsch <\/div> <div class=\"ti-date\">2023-11-15<\/div> <\/div> <\/div> <span class=\"ti-stars\"><span class=\"ti-star f\"><\/span><span class=\"ti-star f\"><\/span><span class=\"ti-star f\"><\/span><span class=\"ti-star f\"><\/span><span class=\"ti-star f\"><\/span><\/span> <div class=\"ti-review-text-container ti-review-content\"><!-- R-CONTENT -->Gitarrenverst\u00e4rker-Manufaktur auf R\u00f6hrenbasis vom Feinsten!\nUm es hier kurz zu halten: Direkter Kontakt mit superschneller Reaktion! Immer freundlich und nie von oben herab, sondern stets auf Augenh\u00f6he! Die Qualit\u00e4t der Produkte: fabelhaft! Preis-Leistungs-Verh\u00e4ltnis abg\u00f6ttisch gut! Nach Jahren der \"Sound-Suche\" bin ich nun mit zwei Rengla Amps FINALLY HOME! Und das f\u00fchlt sich jetzt verdammt gut an!!!\nAlle in der Rennsau-Family sind super nett! Ob es nun einzelne \"Customer\" sind mit denen man sich austauscht, oder Ben und Mine - es nennt sich nicht nur Family. Dieses Gef\u00fchl ist echt, und man sp\u00fcrt es ganz genau! Bis bald wieder pers\u00f6nlich... \ud83d\ude09<!-- R-CONTENT --><\/div> <span class=\"ti-read-more\" data-container=\".ti-review-content\" data-collapse-text=\"Ausblenden\" data-open-text=\"Weiterlesen\"><\/span> <\/div> <\/div>  <div data-empty=\"0\" class=\"ti-review-item source-Google\" > <div class=\"ti-inner\"> <div class=\"ti-review-header\"> <div class=\"ti-profile-img\"> <img src=\"https:\/\/lh3.googleusercontent.com\/a-\/ALV-UjXVEFqJl4fQAiYGqra-YiA1f33cWy9bx6iEkKak1Sz_ufg=s120-c-rp-mo-br100\" alt=\"D M\" \/> <\/div> <div class=\"ti-profile-details\"> <div class=\"ti-name\"> D M <\/div> <div class=\"ti-date\">2023-04-20<\/div> <\/div> <\/div> <span class=\"ti-stars\"><span class=\"ti-star f\"><\/span><span class=\"ti-star f\"><\/span><span class=\"ti-star f\"><\/span><span class=\"ti-star f\"><\/span><span class=\"ti-star f\"><\/span><\/span> <div class=\"ti-review-text-container ti-review-content\"><!-- R-CONTENT -->Habe mir LF-8 Fuzz bestellt. Klingt so gut, wie es sich liest. Die Qualit\u00e4t ist hervorragend, die Verpackung liebevoll von Hand personalisiert. 5\/5<!-- R-CONTENT --><\/div> <span class=\"ti-read-more\" data-container=\".ti-review-content\" data-collapse-text=\"Ausblenden\" data-open-text=\"Weiterlesen\"><\/span> <\/div> <\/div>  <div data-empty=\"0\" class=\"ti-review-item source-Google\" > <div class=\"ti-inner\"> <div class=\"ti-review-header\"> <div class=\"ti-profile-img\"> <img src=\"https:\/\/lh3.googleusercontent.com\/a\/ACg8ocIKg7xtd4QVtT4p7_j5XFTufsjeXqY58n6Yhjf5kICz=s120-c-rp-mo-br100\" alt=\"Werner\" \/> <\/div> <div class=\"ti-profile-details\"> <div class=\"ti-name\"> Werner <\/div> <div class=\"ti-date\">2022-08-26<\/div> <\/div> <\/div> <span class=\"ti-stars\"><span class=\"ti-star f\"><\/span><span class=\"ti-star f\"><\/span><span class=\"ti-star f\"><\/span><span class=\"ti-star f\"><\/span><span class=\"ti-star f\"><\/span><\/span> <div class=\"ti-review-text-container ti-review-content\"><!-- R-CONTENT -->Super Amp, Top Sound und beste Verarbeitung. Nur zu empfehlen!!<!-- R-CONTENT --><\/div> <span class=\"ti-read-more\" data-container=\".ti-review-content\" data-collapse-text=\"Ausblenden\" data-open-text=\"Weiterlesen\"><\/span> <\/div> <\/div>  <div data-empty=\"0\" class=\"ti-review-item source-Google\" > <div class=\"ti-inner\"> <div class=\"ti-review-header\"> <div class=\"ti-profile-img\"> <img src=\"https:\/\/lh3.googleusercontent.com\/a-\/ALV-UjWTZNmC9PyGk7-U7bjfQYy80H9cX0lUYD3P4aVlFD0KKGM=s120-c-rp-mo-br100\" alt=\"Tom Gilcher\" \/> <\/div> <div class=\"ti-profile-details\"> <div class=\"ti-name\"> Tom Gilcher <\/div> <div class=\"ti-date\">2022-08-25<\/div> <\/div> <\/div> <span class=\"ti-stars\"><span class=\"ti-star f\"><\/span><span class=\"ti-star f\"><\/span><span class=\"ti-star f\"><\/span><span class=\"ti-star f\"><\/span><span class=\"ti-star f\"><\/span><\/span> <div class=\"ti-review-text-container ti-review-content\"><!-- R-CONTENT -->Superprofessionell - Die Amps gleicherma\u00dfen wie der Service!<!-- R-CONTENT --><\/div> <span class=\"ti-read-more\" data-container=\".ti-review-content\" data-collapse-text=\"Ausblenden\" data-open-text=\"Weiterlesen\"><\/span> <\/div> <\/div>  <div data-empty=\"0\" class=\"ti-review-item source-Google\" > <div class=\"ti-inner\"> <div class=\"ti-review-header\"> <div class=\"ti-profile-img\"> <img src=\"https:\/\/lh3.googleusercontent.com\/a\/ACg8ocJRq6kYpQjGC4vgbQwpa26rdbFyTBJvcmp5ELf7NDkK=s120-c-rp-mo-br100\" alt=\"Stefan Haas\" \/> <\/div> <div class=\"ti-profile-details\"> <div class=\"ti-name\"> Stefan Haas <\/div> <div class=\"ti-date\">2022-08-18<\/div> <\/div> <\/div> <span class=\"ti-stars\"><span class=\"ti-star f\"><\/span><span class=\"ti-star f\"><\/span><span class=\"ti-star f\"><\/span><span class=\"ti-star f\"><\/span><span class=\"ti-star f\"><\/span><\/span> <div class=\"ti-review-text-container ti-review-content\"><!-- R-CONTENT -->Ich spiele einen RS-30 aus zweiter Hand und bin sehr zufrieden. Ein sch\u00f6ner runder Sound im Clean-Kanal und enorme Leistungsreserven im Lead-Kanal (den ich mit ganz wenig Gain verwende, aber er kann auch anders!)\nUnd ein dickes Plus f\u00fcr die freundliche Kommunikation und die prompten Antworten auf alle Anfragen!<!-- R-CONTENT --><\/div> <span class=\"ti-read-more\" data-container=\".ti-review-content\" data-collapse-text=\"Ausblenden\" data-open-text=\"Weiterlesen\"><\/span> <\/div> <\/div>  <div data-empty=\"0\" class=\"ti-review-item source-Google\" > <div class=\"ti-inner\"> <div class=\"ti-review-header\"> <div class=\"ti-profile-img\"> <img src=\"https:\/\/lh3.googleusercontent.com\/a\/ACg8ocLyy_SE2RS_CNa7bXWnoguOe1zX1y5KtRQEMvZFEti1=s120-c-rp-mo-br100\" alt=\"Johannes Dei\u00dfenb\u00f6ck\" \/> <\/div> <div class=\"ti-profile-details\"> <div class=\"ti-name\"> Johannes Dei\u00dfenb\u00f6ck <\/div> <div class=\"ti-date\">2022-08-18<\/div> <\/div> <\/div> <span class=\"ti-stars\"><span class=\"ti-star f\"><\/span><span class=\"ti-star f\"><\/span><span class=\"ti-star f\"><\/span><span class=\"ti-star f\"><\/span><span class=\"ti-star f\"><\/span><\/span> <div class=\"ti-review-text-container ti-review-content\"><!-- R-CONTENT -->Hatte meinen Amp zur Reparatur. Alles top erledigt! Durfte auch die eigenen Rennsau Amps testen. Diese klingen sagenhaft gut\ud83d\udc4d\ud83c\udffb<!-- R-CONTENT --><\/div> <span class=\"ti-read-more\" data-container=\".ti-review-content\" data-collapse-text=\"Ausblenden\" data-open-text=\"Weiterlesen\"><\/span> <\/div> <\/div>  <div data-empty=\"0\" class=\"ti-review-item source-Google\" > <div class=\"ti-inner\"> <div class=\"ti-review-header\"> <div class=\"ti-profile-img\"> <img src=\"https:\/\/lh3.googleusercontent.com\/a-\/ALV-UjXAMqgfhGSB8xbKTaDxe7o91OnKALLFtxgfaJCrYMpJmw=s120-c-rp-mo-br100\" alt=\"Sw. H. Basil\" \/> <\/div> <div class=\"ti-profile-details\"> <div class=\"ti-name\"> Sw. H. Basil <\/div> <div class=\"ti-date\">2021-06-06<\/div> <\/div> <\/div> <span class=\"ti-stars\"><span class=\"ti-star f\"><\/span><span class=\"ti-star f\"><\/span><span class=\"ti-star f\"><\/span><span class=\"ti-star f\"><\/span><span class=\"ti-star f\"><\/span><\/span> <div class=\"ti-review-text-container ti-review-content\"><!-- R-CONTENT -->Rennsau's Ben is an amp guru who happens to be very friendly and willing to share all minute gear details that you can afford to understand. If he were a doctor, I'd want to be his patient.\n\nI've had a new and quite defective Vox AC30 for three years, which Korg themselves couldn't fix anywhere in the world where I had to ship it each time. Ben fixed it in a matter of days, and the amp feels like it can survive a nuclear bomb. Actually, that's how my amp is going to be called from now on: The Roach.\n\nCan't speak of Rennsau Amps yet, as I haven't played them myself. Knowing how my Vox was handled, I could infer only the best, but I'll spare the good words for when I'll have tested them first-hand.<!-- R-CONTENT --><\/div> <span class=\"ti-read-more\" data-container=\".ti-review-content\" data-collapse-text=\"Ausblenden\" data-open-text=\"Weiterlesen\"><\/span> <\/div> <\/div>  <div data-empty=\"0\" class=\"ti-review-item source-Google\" > <div class=\"ti-inner\"> <div class=\"ti-review-header\"> <div class=\"ti-profile-img\"> <img src=\"https:\/\/lh3.googleusercontent.com\/a\/ACg8ocIP-7w3OnAUOAvarGUAbDuUErfHP0u2osUqdPKiJqxs=s120-c-rp-mo-br100\" alt=\"Georg N\u00e4tscher\" \/> <\/div> <div class=\"ti-profile-details\"> <div class=\"ti-name\"> Georg N\u00e4tscher <\/div> <div class=\"ti-date\">2021-06-03<\/div> <\/div> <\/div> <span class=\"ti-stars\"><span class=\"ti-star f\"><\/span><span class=\"ti-star f\"><\/span><span class=\"ti-star f\"><\/span><span class=\"ti-star f\"><\/span><span class=\"ti-star f\"><\/span><\/span> <div class=\"ti-review-text-container ti-review-content\"><!-- R-CONTENT -->Spitzen Service! Ben hat wirklich Ahnung und hat meinen Reparaturauftrag (Laney Topteil) sehr gr\u00fcndlich und trotzdem schnell erledigt. Sehr freundlich und entgegen kommend! Die Verst\u00e4rker, die er selber baut sind ebenfalls gro\u00dfartig und ihr Geld absolut wert. Danke!<!-- R-CONTENT --><\/div> <span class=\"ti-read-more\" data-container=\".ti-review-content\" data-collapse-text=\"Ausblenden\" data-open-text=\"Weiterlesen\"><\/span> <\/div> <\/div>  <\/div> <div class=\"ti-controls-line\"> <div class=\"dot\"><\/div> <\/div> <\/div>   <\/div> <\/div><\/span><\/p>\n<hr>\n<p>&nbsp;<\/p>\n\n\n<div class=\"is-layout-flex wp-container-5 wp-block-columns has-4-columns\">\n<div class=\"is-layout-flow wp-block-column\">\n<figure class=\"wp-block-image\"><img decoding=\"async\" loading=\"lazy\" width=\"700\" height=\"1050\" src=\"https:\/\/rennsau-amps.de\/wp-content\/uploads\/2020\/11\/IMG_7529-700x1050.jpg\" alt=\"Vorstufen- und Endstufenr\u00f6hren im Rennsau Verst\u00e4rkerchassis.\" class=\"wp-image-3381\" srcset=\"https:\/\/rennsau-amps.de\/wp-content\/uploads\/2020\/11\/IMG_7529-700x1050.jpg 700w, https:\/\/rennsau-amps.de\/wp-content\/uploads\/2020\/11\/IMG_7529-200x300.jpg 200w, https:\/\/rennsau-amps.de\/wp-content\/uploads\/2020\/11\/IMG_7529-768x1152.jpg 768w\" sizes=\"(max-width: 700px) 100vw, 700px\" \/><\/figure>\n\n\n\n<p><span style=\"font-size: 14pt; font-family: georgia, palatino, serif;\"><strong>INDIVIDUELL<\/strong><\/span><br><span style=\"font-size: 12pt; font-family: georgia, palatino, serif;\">Unsere Benchmark ist Dein Anspruch an den perfekten Sound. Gemeinsam mit Dir er\u00f6rtern wir, wie Dein Amp sp\u00e4ter klingen soll. Erst dann beginnen wir mit der Herstellung und gehen dabei genau auf Deine Vorstellungen und W\u00fcnsche ein. <\/span><\/p>\n<\/div>\n\n\n\n<div class=\"is-layout-flow wp-block-column\">\n<figure class=\"wp-block-image\"><img decoding=\"async\" loading=\"lazy\" width=\"700\" height=\"1050\" src=\"https:\/\/rennsau-amps.de\/wp-content\/uploads\/2020\/11\/IMG_7522-1-700x1050.jpg\" alt=\"Rennsau Amp von hinten mit Oszilloskop im Messen\" class=\"wp-image-3387\" srcset=\"https:\/\/rennsau-amps.de\/wp-content\/uploads\/2020\/11\/IMG_7522-1-700x1050.jpg 700w, https:\/\/rennsau-amps.de\/wp-content\/uploads\/2020\/11\/IMG_7522-1-200x300.jpg 200w, https:\/\/rennsau-amps.de\/wp-content\/uploads\/2020\/11\/IMG_7522-1-768x1152.jpg 768w\" sizes=\"(max-width: 700px) 100vw, 700px\" \/><\/figure>\n\n\n\n<p><span style=\"font-size: 14pt; font-family: georgia, palatino, serif;\"><strong>UNIVERSELL<\/strong><\/span><br><span style=\"font-size: 12pt; font-family: georgia, palatino, serif;\">Als Musiker sind uns die Anforderungen, die an Backline und Peripherie gestellt werden wohl bekannt. Leidenschaftlich versuchen wir, mit unseren Ger\u00e4ten genau diesen Anspr\u00fcchen gerecht zu werden. Ob Jazz oder Metal, RENNSAU amps bieten eine enorme Range an Klangvielfalt!<\/span><\/p>\n<\/div>\n\n\n\n<div class=\"is-layout-flow wp-block-column\">\n<figure class=\"wp-block-image\"><img decoding=\"async\" loading=\"lazy\" width=\"700\" height=\"1050\" src=\"https:\/\/rennsau-amps.de\/wp-content\/uploads\/2020\/11\/IMG_7517-700x1050.jpg\" alt=\"Montage der Frontplatte an einem Rennsau Amp\" class=\"wp-image-3383\" srcset=\"https:\/\/rennsau-amps.de\/wp-content\/uploads\/2020\/11\/IMG_7517-700x1050.jpg 700w, https:\/\/rennsau-amps.de\/wp-content\/uploads\/2020\/11\/IMG_7517-200x300.jpg 200w, https:\/\/rennsau-amps.de\/wp-content\/uploads\/2020\/11\/IMG_7517-768x1152.jpg 768w\" sizes=\"(max-width: 700px) 100vw, 700px\" \/><\/figure>\n\n\n\n<p><span style=\"font-size: 14pt; font-family: georgia, palatino, serif;\"><strong>MASSIV<\/strong><\/span><br><span style=\"font-size: 12pt; font-family: georgia, palatino, serif;\">Jeder Amp wird mit gr\u00f6\u00dfter Sorgfalt in detailverliebter Handarbeit gefertigt, wobei ausschlie\u00dflich hochwertige Komponenten europ\u00e4ischer Hersteller zum Einsatz kommen. Wir liefern keine industrielle Massenware, sondern ausschlie\u00dflich handwerkliche Meisterst\u00fccke und Unikate!<\/span><\/p>\n<\/div>\n\n\n\n<div class=\"is-layout-flow wp-block-column\">\n<figure class=\"wp-block-image\"><img decoding=\"async\" loading=\"lazy\" width=\"700\" height=\"1050\" src=\"https:\/\/rennsau-amps.de\/wp-content\/uploads\/2022\/05\/SX-10-Detail-700x1050.jpg\" alt=\"\" class=\"wp-image-4057\" srcset=\"https:\/\/rennsau-amps.de\/wp-content\/uploads\/2022\/05\/SX-10-Detail.jpg 700w, https:\/\/rennsau-amps.de\/wp-content\/uploads\/2022\/05\/SX-10-Detail-200x300.jpg 200w\" sizes=\"(max-width: 700px) 100vw, 700px\" \/><\/figure>\n\n\n\n<p><span style=\"font-size: 14pt; font-family: georgia, palatino, serif;\"><strong>INNOVATIV<\/strong><\/span><br><span style=\"font-size: 12pt; font-family: georgia, palatino, serif;\">1883 erhielt Thomas Edison das erste Patent auf R\u00f6hren so wie wir sie heute kennen. Ob analog oder digital: fast 140 Jahre sp\u00e4ter finden wir st\u00e4ndig neue Wege, Deiner Kreativit\u00e4t eine Stimme zu verleihen!<\/span><\/p>\n<\/div>\n<\/div>\n\n\n\n<hr class=\"wp-block-separator has-alpha-channel-opacity\"\/>\n\n\n<div id=\"metaslider-id-3322\" style=\"max-width: 1100px;\" class=\"ml-slider-3-28-3 metaslider metaslider-flex metaslider-3322 ml-slider\">\n    <div id=\"metaslider_container_3322\">\n        <div id=\"metaslider_3322\">\n            <ul aria-live=\"polite\" class=\"slides\">\n                <li style=\"display: block; width: 100%;\" class=\"slide-3354 ms-image\"><img src=\"https:\/\/rennsau-amps.de\/wp-content\/uploads\/2020\/11\/RENNSAU-RX-100-1023x683.jpg\" height=\"734\" width=\"1100\" alt=\"Rennsau RX-100 Chassis bei der R\u00f6hrenmontage\" class=\"slider-3322 slide-3354\" title=\"RENNSAU RX-100\" \/><\/li>\n                <li style=\"display: none; width: 100%;\" class=\"slide-3357 ms-image\"><img src=\"https:\/\/rennsau-amps.de\/wp-content\/uploads\/2020\/11\/RENNSAU-Tolex-1023x683.jpg\" height=\"734\" width=\"1100\" alt=\"Rennsau R\u00fcckwand beim Tolex beziehen\" class=\"slider-3322 slide-3357\" title=\"RENNSAU Tolex\" \/><\/li>\n                <li style=\"display: none; width: 100%;\" class=\"slide-3361 ms-image\"><img src=\"https:\/\/rennsau-amps.de\/wp-content\/uploads\/2020\/11\/RENNSAU-L\u00f6ten-1023x683.jpg\" height=\"734\" width=\"1100\" alt=\"Rennsau Verst\u00e4rker Amp beim L\u00f6ten\" class=\"slider-3322 slide-3361\" title=\"RENNSAU L\u00f6ten\" \/><\/li>\n                <li style=\"display: none; width: 100%;\" class=\"slide-3345 ms-image\"><img src=\"https:\/\/rennsau-amps.de\/wp-content\/uploads\/2020\/11\/RENNSAU-amptest-1023x683.jpg\" height=\"734\" width=\"1100\" alt=\"Rennsau Team beim Gitarre spielen und einstellen\" class=\"slider-3322 slide-3345\" title=\"RENNSAU amptest\" \/><\/li>\n                <li style=\"display: none; width: 100%;\" class=\"slide-3359 ms-image\"><img src=\"https:\/\/rennsau-amps.de\/wp-content\/uploads\/2020\/11\/RENNSAU-RETRO30-1023x683.jpg\" height=\"734\" width=\"1100\" alt=\"Rennsau Combo bei Lautsprechermontage\" class=\"slider-3322 slide-3359\" title=\"RENNSAU RETRO30\" \/><\/li>\n                <li style=\"display: none; width: 100%;\" class=\"slide-3346 ms-image\"><img src=\"https:\/\/rennsau-amps.de\/wp-content\/uploads\/2020\/11\/RENNSAU-Desktop-1023x683.jpg\" height=\"734\" width=\"1100\" alt=\"Rennsau Team mit Platine in der Diskussion\" class=\"slider-3322 slide-3346\" title=\"RENNSAU Desktop\" \/><\/li>\n                <li style=\"display: none; width: 100%;\" class=\"slide-3363 ms-image\"><img src=\"https:\/\/rennsau-amps.de\/wp-content\/uploads\/2020\/11\/RENNSAU-schleifen-1023x683.jpg\" height=\"734\" width=\"1100\" alt=\"Rennsau Holzgeh\u00e4use beim schleifen\" class=\"slider-3322 slide-3363\" title=\"RENNSAU schleifen\" \/><\/li>\n                <li style=\"display: none; width: 100%;\" class=\"slide-3347 ms-image\"><img src=\"https:\/\/rennsau-amps.de\/wp-content\/uploads\/2020\/11\/RENNSAU-programmierung-1023x683.jpg\" height=\"734\" width=\"1100\" alt=\"Rennsau beim Programmieren\" class=\"slider-3322 slide-3347\" title=\"RENNSAU programmierung\" \/><\/li>\n                <li style=\"display: none; width: 100%;\" class=\"slide-3365 ms-image\"><img src=\"https:\/\/rennsau-amps.de\/wp-content\/uploads\/2020\/11\/RENNSAU-Schreibtisch-1023x683.jpg\" height=\"734\" width=\"1100\" alt=\"Rennsau Office mit Tasse und Produkten im Hintergrund\" class=\"slider-3322 slide-3365\" title=\"RENNSAU Schreibtisch\" \/><\/li>\n            <\/ul>\n        <\/div>\n        \n    <\/div>\n<\/div>\n","protected":false},"excerpt":{"rendered":"<p>2001, ich war 13, und auf dem Dachboden fand ich zwei Dinge, die eigentlich niemand mehr haben wollte: ein altes R\u00f6hrenradio und eine E-Gitarre. Beides defekt, beides geheimnisvoll. Ich wollte unbedingt verstehen, warum nichts davon funktionierte \u2013 und wie es<\/p>\n","protected":false},"author":1,"featured_media":0,"parent":0,"menu_order":0,"comment_status":"closed","ping_status":"closed","template":"","meta":{"_mi_skip_tracking":false,"ngg_post_thumbnail":0},"yst_prominent_words":[],"translation":{"provider":"WPGlobus","version":"2.10.10","language":"gb","enabled_languages":["de","gb"],"languages":{"de":{"title":true,"content":true,"excerpt":false},"gb":{"title":false,"content":false,"excerpt":false}}},"_links":{"self":[{"href":"https:\/\/rennsau-amps.de\/gb\/wp-json\/wp\/v2\/pages\/73"}],"collection":[{"href":"https:\/\/rennsau-amps.de\/gb\/wp-json\/wp\/v2\/pages"}],"about":[{"href":"https:\/\/rennsau-amps.de\/gb\/wp-json\/wp\/v2\/types\/page"}],"author":[{"embeddable":true,"href":"https:\/\/rennsau-amps.de\/gb\/wp-json\/wp\/v2\/users\/1"}],"replies":[{"embeddable":true,"href":"https:\/\/rennsau-amps.de\/gb\/wp-json\/wp\/v2\/comments?post=73"}],"version-history":[{"count":544,"href":"https:\/\/rennsau-amps.de\/gb\/wp-json\/wp\/v2\/pages\/73\/revisions"}],"predecessor-version":[{"id":5147,"href":"https:\/\/rennsau-amps.de\/gb\/wp-json\/wp\/v2\/pages\/73\/revisions\/5147"}],"wp:attachment":[{"href":"https:\/\/rennsau-amps.de\/gb\/wp-json\/wp\/v2\/media?parent=73"}],"wp:term":[{"taxonomy":"yst_prominent_words","embeddable":true,"href":"https:\/\/rennsau-amps.de\/gb\/wp-json\/wp\/v2\/yst_prominent_words?post=73"}],"curies":[{"name":"wp","href":"https:\/\/api.w.org\/{rel}","templated":true}]}}